{"id":226177,"date":"2026-03-04T06:22:17","date_gmt":"2026-03-04T05:22:17","guid":{"rendered":"https:\/\/grupotextil.es\/producto\/classic-softshell-2-in-1\/"},"modified":"2026-04-19T04:06:36","modified_gmt":"2026-04-19T02:06:36","slug":"classic-softshell-2-in-1","status":"publish","type":"product","link":"https:\/\/grupotextil.es\/en\/product\/classic-softshell-2-in-1\/","title":{"rendered":"Classic Softshell 2 in 1"},"content":{"rendered":"<p>Chaqueta\/chaleco softshell unisex vers\u00e1til de 3 capas, fabricado en poli\u00e9ster reciclado con interior de forro polar. Las mangas y la capucha desmontables permiten convertirlo f\u00e1cilmente en un chaleco. Todas las cremalleras son de calidad SBS en negro contrastante. Dos bolsillos frontales con cremallera y un bolsillo en el pecho con cremallera. Cinta el\u00e1stica negra en el dobladillo inferior y ajustes de velcro en las mangas. Etiqueta f\u00e1cilmente removible. WP 6000 \/ MVP 1000<\/p>\n<p><strong>Composici\u00f3n:<\/strong> 96% Poli\u00e9ster reciclado, 4% Spandex. | <strong>Peso:<\/strong> 280 g\/m2 | <strong>Tallas:<\/strong> XS-5XL<\/p>","protected":false},"excerpt":{"rendered":"<p>Chaqueta\/chaleco softshell unisex vers\u00e1til de 3 capas, fabricado en poli\u00e9ster reciclado con interior de forro polar. Las mangas y la capucha desmontables permiten convertirlo f\u00e1cilmente en un chaleco. Todas las cremalleras son de calidad SBS en negro<\/p>","protected":false},"featured_media":234520,"comment_status":"open","ping_status":"closed","template":"","meta":{"_acf_changed":false},"product_brand":[10446],"product_cat":[13998,15137],"product_tag":[],"class_list":{"0":"post-226177","1":"product","2":"type-product","3":"status-publish","4":"has-post-thumbnail","6":"product_brand-clique","7":"product_cat-n-chaquetas","8":"product_cat-hombre-unisex-mujer","9":"tm-no-options","11":"first","12":"instock","13":"taxable","14":"shipping-taxable","15":"product-type-variable"},"acf":[],"_links":{"self":[{"href":"https:\/\/grupotextil.es\/en\/wp-json\/wp\/v2\/product\/226177","targetHints":{"allow":["GET"]}}],"collection":[{"href":"https:\/\/grupotextil.es\/en\/wp-json\/wp\/v2\/product"}],"about":[{"href":"https:\/\/grupotextil.es\/en\/wp-json\/wp\/v2\/types\/product"}],"replies":[{"embeddable":true,"href":"https:\/\/grupotextil.es\/en\/wp-json\/wp\/v2\/comments?post=226177"}],"wp:featuredmedia":[{"embeddable":true,"href":"https:\/\/grupotextil.es\/en\/wp-json\/wp\/v2\/media\/234520"}],"wp:attachment":[{"href":"https:\/\/grupotextil.es\/en\/wp-json\/wp\/v2\/media?parent=226177"}],"wp:term":[{"taxonomy":"product_brand","embeddable":true,"href":"https:\/\/grupotextil.es\/en\/wp-json\/wp\/v2\/product_brand?post=226177"},{"taxonomy":"product_cat","embeddable":true,"href":"https:\/\/grupotextil.es\/en\/wp-json\/wp\/v2\/product_cat?post=226177"},{"taxonomy":"product_tag","embeddable":true,"href":"https:\/\/grupotextil.es\/en\/wp-json\/wp\/v2\/product_tag?post=226177"}],"curies":[{"name":"wp","href":"https:\/\/api.w.org\/{rel}","templated":true}]}}