{"id":226200,"date":"2026-03-04T06:22:29","date_gmt":"2026-03-04T05:22:29","guid":{"rendered":"https:\/\/grupotextil.es\/producto\/stretch-shirt-l-s\/"},"modified":"2026-04-19T04:06:36","modified_gmt":"2026-04-19T02:06:36","slug":"stretch-shirt-l-s","status":"publish","type":"product","link":"https:\/\/grupotextil.es\/en\/product\/stretch-shirt-l-s\/","title":{"rendered":"Stretch Shirt L\/S"},"content":{"rendered":"<p>Camisa el\u00e1stica de manga larga. Pu\u00f1os ajustables con botones. Versi\u00f3n masculina con bolsillo en el pecho. Canes\u00fa en espalda.<\/p>\n<p><strong>Composici\u00f3n:<\/strong> 97% Algod\u00f3n 3% spandex | <strong>Peso:<\/strong> 110 g\/m2 | <strong>Tallas:<\/strong> XS-4XL<\/p>","protected":false},"excerpt":{"rendered":"<p>Camisa el\u00e1stica de manga larga. Pu\u00f1os ajustables con botones. Versi\u00f3n masculina con bolsillo en el pecho. Canes\u00fa en espalda.<\/p>","protected":false},"featured_media":234532,"comment_status":"open","ping_status":"closed","template":"","meta":{"_acf_changed":false},"product_brand":[10446],"product_cat":[13995],"product_tag":[],"class_list":{"0":"post-226200","1":"product","2":"type-product","3":"status-publish","4":"has-post-thumbnail","6":"product_brand-clique","7":"product_cat-n-camisetas","8":"tm-no-options","10":"first","11":"instock","12":"taxable","13":"shipping-taxable","14":"product-type-variable"},"acf":[],"_links":{"self":[{"href":"https:\/\/grupotextil.es\/en\/wp-json\/wp\/v2\/product\/226200","targetHints":{"allow":["GET"]}}],"collection":[{"href":"https:\/\/grupotextil.es\/en\/wp-json\/wp\/v2\/product"}],"about":[{"href":"https:\/\/grupotextil.es\/en\/wp-json\/wp\/v2\/types\/product"}],"replies":[{"embeddable":true,"href":"https:\/\/grupotextil.es\/en\/wp-json\/wp\/v2\/comments?post=226200"}],"wp:featuredmedia":[{"embeddable":true,"href":"https:\/\/grupotextil.es\/en\/wp-json\/wp\/v2\/media\/234532"}],"wp:attachment":[{"href":"https:\/\/grupotextil.es\/en\/wp-json\/wp\/v2\/media?parent=226200"}],"wp:term":[{"taxonomy":"product_brand","embeddable":true,"href":"https:\/\/grupotextil.es\/en\/wp-json\/wp\/v2\/product_brand?post=226200"},{"taxonomy":"product_cat","embeddable":true,"href":"https:\/\/grupotextil.es\/en\/wp-json\/wp\/v2\/product_cat?post=226200"},{"taxonomy":"product_tag","embeddable":true,"href":"https:\/\/grupotextil.es\/en\/wp-json\/wp\/v2\/product_tag?post=226200"}],"curies":[{"name":"wp","href":"https:\/\/api.w.org\/{rel}","templated":true}]}}