{"id":226267,"date":"2026-03-04T06:23:07","date_gmt":"2026-03-04T05:23:07","guid":{"rendered":"https:\/\/grupotextil.es\/producto\/6503-shorts-clase-2-1\/"},"modified":"2026-04-19T04:06:37","modified_gmt":"2026-04-19T02:06:37","slug":"6503-shorts-clase-2-1","status":"publish","type":"product","link":"https:\/\/grupotextil.es\/en\/product\/6503-shorts-clase-2-1\/","title":{"rendered":"6503 SHORTS CLASE 2\/1"},"content":{"rendered":"<p>Pantalones cortos con bolsillos tipo funda que se pueden guardar en los bolsillos laterales de ambos lados, uno con bolsillos adicionales y otro con trabillas para herramientas. Bolsillos en la pierna, en el lado izquierdo bolsillo con solapa y cierre de bot\u00f3n a presi\u00f3n, bolsillo interior para m\u00f3vil y gancho para tarjeta de identificaci\u00f3n. En el lado derecho bolsillo para cinta m\u00e9trica y bolsillo con bot\u00f3n para herramientas. Bolsillos traseros con anchura extra. Dos trabillas ajustables para martillo, una a cada lado. D- Ring sujeto a cintura. Los bolsillos est\u00e1n reforzados con Cordura\u00ae para una mayor durabilidad.<\/p>\n<p><strong>Composici\u00f3n:<\/strong> 68% poli\u00e9ster, 32% algod\u00f3n &#8211; 275 g\/m2  Refuerzos: 100% poliamida | <strong>Peso:<\/strong> 275 g\/m\u00b2 | <strong>Tallas:<\/strong> C44-C62<\/p>","protected":false},"excerpt":{"rendered":"<p>Pantalones cortos con bolsillos tipo funda que se pueden guardar en los bolsillos laterales de ambos lados, uno con bolsillos adicionales y otro con trabillas para herramientas. Bolsillos en la pierna, en el lado izquierdo bolsillo con solapa y cierr<\/p>","protected":false},"featured_media":234561,"comment_status":"open","ping_status":"closed","template":"","meta":{"_acf_changed":false},"product_brand":[10531],"product_cat":[13983],"product_tag":[],"class_list":{"0":"post-226267","1":"product","2":"type-product","3":"status-publish","4":"has-post-thumbnail","6":"product_brand-projob","7":"product_cat-h-pantalones","8":"tm-no-options","10":"first","11":"instock","12":"taxable","13":"shipping-taxable","14":"product-type-variable"},"acf":[],"_links":{"self":[{"href":"https:\/\/grupotextil.es\/en\/wp-json\/wp\/v2\/product\/226267","targetHints":{"allow":["GET"]}}],"collection":[{"href":"https:\/\/grupotextil.es\/en\/wp-json\/wp\/v2\/product"}],"about":[{"href":"https:\/\/grupotextil.es\/en\/wp-json\/wp\/v2\/types\/product"}],"replies":[{"embeddable":true,"href":"https:\/\/grupotextil.es\/en\/wp-json\/wp\/v2\/comments?post=226267"}],"wp:featuredmedia":[{"embeddable":true,"href":"https:\/\/grupotextil.es\/en\/wp-json\/wp\/v2\/media\/234561"}],"wp:attachment":[{"href":"https:\/\/grupotextil.es\/en\/wp-json\/wp\/v2\/media?parent=226267"}],"wp:term":[{"taxonomy":"product_brand","embeddable":true,"href":"https:\/\/grupotextil.es\/en\/wp-json\/wp\/v2\/product_brand?post=226267"},{"taxonomy":"product_cat","embeddable":true,"href":"https:\/\/grupotextil.es\/en\/wp-json\/wp\/v2\/product_cat?post=226267"},{"taxonomy":"product_tag","embeddable":true,"href":"https:\/\/grupotextil.es\/en\/wp-json\/wp\/v2\/product_tag?post=226267"}],"curies":[{"name":"wp","href":"https:\/\/api.w.org\/{rel}","templated":true}]}}