{"id":226331,"date":"2026-03-04T06:23:48","date_gmt":"2026-03-04T05:23:48","guid":{"rendered":"https:\/\/grupotextil.es\/producto\/2-0-travel-bag-medium\/"},"modified":"2026-04-19T04:06:37","modified_gmt":"2026-04-19T02:06:37","slug":"2-0-travel-bag-medium","status":"publish","type":"product","link":"https:\/\/grupotextil.es\/en\/product\/2-0-travel-bag-medium\/","title":{"rendered":"2.0 Travel Bag Medium"},"content":{"rendered":"<p>Maleta de viaje bastante espaciosa. El compartimento principal es accesible con una cremallera en U de f\u00e1cil acceso. En el interior se encuentra un bolsillo organizador y un bolsillo de malla. Correa extra\u00edble con espacio para poder poner tarjeta identificativa. Se lleva f\u00e1cilmente gracias al Velcro para poder coger ambas asas. Dos asas extras laterales para poder llevar mejor. Contiene un bolsillo en ambos lados, compartimento para zapatillas\/toalla. La parte frontal y trasera tiene cada una un bolsillo. Dimensiones y volumen: 53x31x28cm &#8211; 46 L<\/p>\n<p><strong>Composici\u00f3n:<\/strong> Shantung Pongee 100% poli\u00e9ster con PU backing y PU coating | <strong>Tallas:<\/strong> UD<\/p>","protected":false},"excerpt":{"rendered":"<p>Maleta de viaje bastante espaciosa. El compartimento principal es accesible con una cremallera en U de f\u00e1cil acceso. En el interior se encuentra un bolsillo organizador y un bolsillo de malla. Correa extra\u00edble con espacio para poder poner tarjeta ide<\/p>","protected":false},"featured_media":234596,"comment_status":"open","ping_status":"closed","template":"","meta":{"_acf_changed":false},"product_brand":[10446],"product_cat":[15146],"product_tag":[],"class_list":{"0":"post-226331","1":"product","2":"type-product","3":"status-publish","4":"has-post-thumbnail","6":"product_brand-clique","7":"product_cat-bolsas","8":"tm-no-options","10":"first","11":"instock","12":"taxable","13":"shipping-taxable","14":"product-type-variable"},"acf":[],"_links":{"self":[{"href":"https:\/\/grupotextil.es\/en\/wp-json\/wp\/v2\/product\/226331","targetHints":{"allow":["GET"]}}],"collection":[{"href":"https:\/\/grupotextil.es\/en\/wp-json\/wp\/v2\/product"}],"about":[{"href":"https:\/\/grupotextil.es\/en\/wp-json\/wp\/v2\/types\/product"}],"replies":[{"embeddable":true,"href":"https:\/\/grupotextil.es\/en\/wp-json\/wp\/v2\/comments?post=226331"}],"wp:featuredmedia":[{"embeddable":true,"href":"https:\/\/grupotextil.es\/en\/wp-json\/wp\/v2\/media\/234596"}],"wp:attachment":[{"href":"https:\/\/grupotextil.es\/en\/wp-json\/wp\/v2\/media?parent=226331"}],"wp:term":[{"taxonomy":"product_brand","embeddable":true,"href":"https:\/\/grupotextil.es\/en\/wp-json\/wp\/v2\/product_brand?post=226331"},{"taxonomy":"product_cat","embeddable":true,"href":"https:\/\/grupotextil.es\/en\/wp-json\/wp\/v2\/product_cat?post=226331"},{"taxonomy":"product_tag","embeddable":true,"href":"https:\/\/grupotextil.es\/en\/wp-json\/wp\/v2\/product_tag?post=226331"}],"curies":[{"name":"wp","href":"https:\/\/api.w.org\/{rel}","templated":true}]}}