{"id":226512,"date":"2026-03-04T06:25:37","date_gmt":"2026-03-04T05:25:37","guid":{"rendered":"https:\/\/grupotextil.es\/producto\/new-classic-t\/"},"modified":"2026-04-26T04:05:32","modified_gmt":"2026-04-26T02:05:32","slug":"new-classic-t","status":"publish","type":"product","link":"https:\/\/grupotextil.es\/en\/product\/new-classic-t\/","title":{"rendered":"New Classic-T"},"content":{"rendered":"<p>Nuestra camiseta Classic T en tallaje m\u00e1s moderno. Algod\u00f3n ring-spun peinado y pre-encogido, doble cuello en algod\u00f3n y elastano.<\/p>\n<p><strong>Composici\u00f3n:<\/strong> 100% Algod\u00f3n (amarillo visibilidad y naranja visibilidad [11\/170] 80% poli\u00e9ster, 20% algod\u00f3n con costuras laterales, ceniza [92] 99% algod\u00f3n, 1% viscosa, gris marengo [95] 85% algod\u00f3n, 15% viscosa, azul marengo y antracita marengo [565\/955] 60% algod\u00f3n, 40% poli\u00e9ster). | <strong>Peso:<\/strong> 160 g\/m2 | <strong>Tallas:<\/strong> XS-3XL (00, 35, 55, 580, 95, 99: XS-5XL)<\/p>","protected":false},"excerpt":{"rendered":"<p>Nuestra camiseta Classic T en tallaje m\u00e1s moderno. Algod\u00f3n ring-spun peinado y pre-encogido, doble cuello en algod\u00f3n y elastano.<\/p>","protected":false},"featured_media":234687,"comment_status":"open","ping_status":"closed","template":"","meta":{"_acf_changed":false},"product_brand":[10446],"product_cat":[13995],"product_tag":[],"class_list":{"0":"post-226512","1":"product","2":"type-product","3":"status-publish","4":"has-post-thumbnail","6":"product_brand-clique","7":"product_cat-n-camisetas","8":"tm-no-options","10":"first","11":"instock","12":"taxable","13":"shipping-taxable","14":"product-type-variable"},"acf":[],"_links":{"self":[{"href":"https:\/\/grupotextil.es\/en\/wp-json\/wp\/v2\/product\/226512","targetHints":{"allow":["GET"]}}],"collection":[{"href":"https:\/\/grupotextil.es\/en\/wp-json\/wp\/v2\/product"}],"about":[{"href":"https:\/\/grupotextil.es\/en\/wp-json\/wp\/v2\/types\/product"}],"replies":[{"embeddable":true,"href":"https:\/\/grupotextil.es\/en\/wp-json\/wp\/v2\/comments?post=226512"}],"wp:featuredmedia":[{"embeddable":true,"href":"https:\/\/grupotextil.es\/en\/wp-json\/wp\/v2\/media\/234687"}],"wp:attachment":[{"href":"https:\/\/grupotextil.es\/en\/wp-json\/wp\/v2\/media?parent=226512"}],"wp:term":[{"taxonomy":"product_brand","embeddable":true,"href":"https:\/\/grupotextil.es\/en\/wp-json\/wp\/v2\/product_brand?post=226512"},{"taxonomy":"product_cat","embeddable":true,"href":"https:\/\/grupotextil.es\/en\/wp-json\/wp\/v2\/product_cat?post=226512"},{"taxonomy":"product_tag","embeddable":true,"href":"https:\/\/grupotextil.es\/en\/wp-json\/wp\/v2\/product_tag?post=226512"}],"curies":[{"name":"wp","href":"https:\/\/api.w.org\/{rel}","templated":true}]}}