{"id":226673,"date":"2026-03-04T06:27:03","date_gmt":"2026-03-04T05:27:03","guid":{"rendered":"https:\/\/grupotextil.es\/producto\/nordic-trail-2-m\/"},"modified":"2026-04-19T04:06:39","modified_gmt":"2026-04-19T02:06:39","slug":"nordic-trail-2-m","status":"publish","type":"product","link":"https:\/\/grupotextil.es\/en\/product\/nordic-trail-2-m\/","title":{"rendered":"Nordic Trail 2 M"},"content":{"rendered":"<p>Nordic Trail 2 es una zapatilla de trail running ligera y duradera que funciona muy bien tanto para correr como para hacer senderismo de velocidad.<\/p>\n<p>Esta zapatilla de trail running t\u00e9cnicamente avanzada cuenta con nuestra entresuela Ar Foam\u2122 optimizada, que proporciona una pisada reactiva y una gran comodidad en diversas superficies fuera de ruta. Su parte superior de malla est\u00e1 confeccionada con poliamida reciclada y viene con refuerzos de TPU en las zonas cr\u00edticas, para disfrutar de una excelente transpirabilidad y protecci\u00f3n. Tambi\u00e9n cuenta con una suela duradera con una banda de rodadura de estructura org\u00e1nica para una tracci\u00f3n \u00f3ptima en diversas superficies de campo. Tanto si corres por senderos escarpados como por asfalto liso, esta zapatilla te brinda la flexibilidad y la protecci\u00f3n ligera que necesitas para tu viaje.<\/p>\n<p>\u2022 Parte superior de malla duradera confeccionada con un 80\u00a0% de poliamida reciclada<\/p>\n<p>\u2022 Entresuela Ar Foam\u2122 ligera y duradera<\/p>\n<p>\u2022 Suela con estructura org\u00e1nica para una tracci\u00f3n \u00f3ptima<\/p>\n<p>\u2022 Protector de puntera de TPU<\/p>\n<p>\u2022 Plantilla fabricada con un 100\u00a0% de material reciclado<\/p>\n<p>\u2022 Plantilla de espuma fabricada con un 50\u00a0% de material reciclado<\/p>\n<p>\u2022 Peso: 309\u00a0g en talla UK8<\/p>\n<p>\u2022 Tal\u00f3n 28\u00a0mm, antepi\u00e9 19,5\u00a0mm incl. plantilla<\/p>\n<p>\u2022 Inclinaci\u00f3n: 8,5 mm<\/p>\n<p><strong>Composici\u00f3n:<\/strong> Upper 53% Poli\u00e9ster reciclado, 24% Poli\u00e9ster, 23% Thermoplastic urethanes, Padding 100% Poli\u00e9ster, Lining 100% Poli\u00e9ster reciclado, Insole Board 75% Poli\u00e9ster reciclado, 25% Poli\u00e9ster, Insole 100% Poli\u00e9ster, Laces 100% Poli\u00e9ster reciclado, Midsole 100% EVA Foam, Outsole 100% Rubber | <strong>Tallas:<\/strong> 6 (39,5)-12 (47)<\/p>","protected":false},"excerpt":{"rendered":"<p>Nordic Trail 2 es una zapatilla de trail running ligera y duradera que funciona muy bien tanto para correr como para hacer senderismo de velocidad.<\/p>","protected":false},"featured_media":234756,"comment_status":"open","ping_status":"closed","template":"","meta":{"_acf_changed":false},"product_brand":[10489],"product_cat":[15142],"product_tag":[],"class_list":{"0":"post-226673","1":"product","2":"type-product","3":"status-publish","4":"has-post-thumbnail","6":"product_brand-craft","7":"product_cat-calzado","8":"tm-no-options","10":"first","11":"instock","12":"taxable","13":"shipping-taxable","14":"product-type-variable"},"acf":[],"_links":{"self":[{"href":"https:\/\/grupotextil.es\/en\/wp-json\/wp\/v2\/product\/226673","targetHints":{"allow":["GET"]}}],"collection":[{"href":"https:\/\/grupotextil.es\/en\/wp-json\/wp\/v2\/product"}],"about":[{"href":"https:\/\/grupotextil.es\/en\/wp-json\/wp\/v2\/types\/product"}],"replies":[{"embeddable":true,"href":"https:\/\/grupotextil.es\/en\/wp-json\/wp\/v2\/comments?post=226673"}],"wp:featuredmedia":[{"embeddable":true,"href":"https:\/\/grupotextil.es\/en\/wp-json\/wp\/v2\/media\/234756"}],"wp:attachment":[{"href":"https:\/\/grupotextil.es\/en\/wp-json\/wp\/v2\/media?parent=226673"}],"wp:term":[{"taxonomy":"product_brand","embeddable":true,"href":"https:\/\/grupotextil.es\/en\/wp-json\/wp\/v2\/product_brand?post=226673"},{"taxonomy":"product_cat","embeddable":true,"href":"https:\/\/grupotextil.es\/en\/wp-json\/wp\/v2\/product_cat?post=226673"},{"taxonomy":"product_tag","embeddable":true,"href":"https:\/\/grupotextil.es\/en\/wp-json\/wp\/v2\/product_tag?post=226673"}],"curies":[{"name":"wp","href":"https:\/\/api.w.org\/{rel}","templated":true}]}}