{"id":226729,"date":"2026-03-04T06:27:40","date_gmt":"2026-03-04T05:27:40","guid":{"rendered":"https:\/\/grupotextil.es\/producto\/6577-pantalon-pirata-clase-2-1\/"},"modified":"2026-04-26T04:05:32","modified_gmt":"2026-04-26T02:05:32","slug":"6577-pantalon-pirata-clase-2-1","status":"publish","type":"product","link":"https:\/\/grupotextil.es\/en\/product\/6577-pantalon-pirata-clase-2-1\/","title":{"rendered":"6577 PANTAL\u00d3N PIRATA CLASE 2\/1"},"content":{"rendered":"<p>Pantal\u00f3n pirata totalmente el\u00e1stico que proporciona la m\u00e1xima libertad de movimiento y comodidad. Corte moderno. Los laterales de la parte superior no son el\u00e1sticos para dar estabilidad al pantal\u00f3n. Bolsillos tipo funda con compartimentos adicionales y refuerzo interno de Cordura\u00ae; si lo desea, puede quitar los bolsillos tipo funda descosiendo la costura de contraste de la parte trasera. Aberturas de ventilaci\u00f3n en la parte posterior de la cintura. Amplios bolsillos en pierna a ambos lados. Bolsillo en la pierna izquierda para herramientas y bol\u00edgrafos, bolsillo para m\u00f3vil con cierre magn\u00e9tico y gancho para sujetar la tarjeta de identificaci\u00f3n. En el lado derecho bolsillo para cinta m\u00e9trica y bolsillo con bot\u00f3n para herramientas. Trabilla m\u00e1s ancha en la parte trasera para evitar la presi\u00f3n del cintur\u00f3n. Bolsillos traseros en Cordura\u00ae, uno con solapa y cierre magn\u00e9tico. Rodillas precurvadas. Bolsillos internos para protectores de rodillas, ajustables a dos niveles de altura. Los bolsillos y las rodillas est\u00e1n reforzados con Cordura\u00ae para una mayor durabilidad. Posibilidad de acoplar sistema MOLLE en ambos lados.<\/p>\n<p><strong>Composici\u00f3n:<\/strong> Tejido 1: 92% Poli\u00e9ster, 8% spandex Tejido 2: 80% poli\u00e9ster, 20% algod\u00f3n Tejido 3: 100% poliamida  Refuerzos: 100% poliamida, Cordura\u00ae | <strong>Tallas:<\/strong> C44-D120<\/p>","protected":false},"excerpt":{"rendered":"<p>Pantal\u00f3n pirata totalmente el\u00e1stico que proporciona la m\u00e1xima libertad de movimiento y comodidad. Corte moderno. Los laterales de la parte superior no son el\u00e1sticos para dar estabilidad al pantal\u00f3n. Bolsillos tipo funda con compartimentos adicionales<\/p>","protected":false},"featured_media":234784,"comment_status":"open","ping_status":"closed","template":"","meta":{"_acf_changed":false},"product_brand":[10531],"product_cat":[13983],"product_tag":[],"class_list":{"0":"post-226729","1":"product","2":"type-product","3":"status-publish","4":"has-post-thumbnail","6":"product_brand-projob","7":"product_cat-h-pantalones","8":"tm-no-options","10":"first","11":"instock","12":"taxable","13":"shipping-taxable","14":"product-type-variable"},"acf":[],"_links":{"self":[{"href":"https:\/\/grupotextil.es\/en\/wp-json\/wp\/v2\/product\/226729","targetHints":{"allow":["GET"]}}],"collection":[{"href":"https:\/\/grupotextil.es\/en\/wp-json\/wp\/v2\/product"}],"about":[{"href":"https:\/\/grupotextil.es\/en\/wp-json\/wp\/v2\/types\/product"}],"replies":[{"embeddable":true,"href":"https:\/\/grupotextil.es\/en\/wp-json\/wp\/v2\/comments?post=226729"}],"wp:featuredmedia":[{"embeddable":true,"href":"https:\/\/grupotextil.es\/en\/wp-json\/wp\/v2\/media\/234784"}],"wp:attachment":[{"href":"https:\/\/grupotextil.es\/en\/wp-json\/wp\/v2\/media?parent=226729"}],"wp:term":[{"taxonomy":"product_brand","embeddable":true,"href":"https:\/\/grupotextil.es\/en\/wp-json\/wp\/v2\/product_brand?post=226729"},{"taxonomy":"product_cat","embeddable":true,"href":"https:\/\/grupotextil.es\/en\/wp-json\/wp\/v2\/product_cat?post=226729"},{"taxonomy":"product_tag","embeddable":true,"href":"https:\/\/grupotextil.es\/en\/wp-json\/wp\/v2\/product_tag?post=226729"}],"curies":[{"name":"wp","href":"https:\/\/api.w.org\/{rel}","templated":true}]}}