{"id":226798,"date":"2026-03-04T06:28:18","date_gmt":"2026-03-04T05:28:18","guid":{"rendered":"https:\/\/grupotextil.es\/producto\/um-crewneck-ocs-rcs-loose-fit-unisex\/"},"modified":"2026-04-19T04:06:40","modified_gmt":"2026-04-19T02:06:40","slug":"um-crewneck-ocs-rcs-loose-fit-unisex","status":"publish","type":"product","link":"https:\/\/grupotextil.es\/en\/product\/um-crewneck-ocs-rcs-loose-fit-unisex\/","title":{"rendered":"UM Crewneck (OCS-RCS) \nLoose Fit Unisex"},"content":{"rendered":"<p>Esta sudadera unisex ofrece un ajuste holgado y moderno, y est\u00e1 confeccionada con una mezcla de 80% algod\u00f3n org\u00e1nico y 20% poli\u00e9ster reciclado. Con un peso de tejido resistente de 350 g\/m\u00b2, proporciona un tacto suave y c\u00f3modo. Cuenta con cuello, pu\u00f1os y dobladillo inferior acanalados 2&#215;1. El cuello redondo est\u00e1 lavado con enzimas para conseguir un tacto suave y desgastado.<\/p>\n<ul>\n<li>Dise\u00f1ada cuidadosamente seg\u00fan los principios de ECODESIGN para facilitar su reciclaje al final de su vida \u00fatil.<\/li>\n<li>La prenda est\u00e1 cosida con hilo EcoVerde, fabricado con 100 % poli\u00e9ster reciclado.<\/li>\n<li>El tejido es algod\u00f3n de cultivo ecol\u00f3gico con certificaci\u00f3n OCS y poli\u00e9ster reciclado con certificaci\u00f3n RCS.<\/li>\n<li>Certificado OEKO-TEX\u00ae MADE IN GREEN, lo que garantiza la seguridad, la transparencia y la producci\u00f3n responsable. (OEKO-TEX STANDARD 100 + OEKO-TEX STeP)<\/li>\n<li>Aprobado por PETA como vegano, lo que demuestra que no se han utilizado materiales de origen animal.<\/li>\n<li>Escanea el c\u00f3digo QR que se encuentra dentro de la prenda o en la p\u00e1gina web para desbloquear el PASAPORTE DIGITAL DEL PRODUCTO.<\/li>\n<\/ul>\n<p><strong>Composici\u00f3n:<\/strong> Tejido exterior<\/p>\n<p>80 % algod\u00f3n org\u00e1nico certificado por OCS<br \/>\n20 % poli\u00e9ster reciclado certificado por RCS<br \/>\nCertificado por CERES-1725 | <strong>Peso:<\/strong> 350 g\/m\u00b2 | <strong>Tallas:<\/strong> XXS-5XL<\/p>","protected":false},"excerpt":{"rendered":"<p>Esta sudadera unisex ofrece un ajuste holgado y moderno, y est\u00e1 confeccionada con una mezcla de 80% algod\u00f3n org\u00e1nico y 20% poli\u00e9ster reciclado. Con un peso de tejido resistente de 350 g\/m\u00b2, proporciona un tacto suave y c\u00f3modo. Cuenta con cuello, pu\u00f1o<\/p>","protected":false},"featured_media":234822,"comment_status":"open","ping_status":"closed","template":"","meta":{"_acf_changed":false},"product_brand":[10501],"product_cat":[13980],"product_tag":[],"class_list":{"0":"post-226798","1":"product","2":"type-product","3":"status-publish","4":"has-post-thumbnail","6":"product_brand-untagged-movement","7":"product_cat-h-sudaderas","8":"tm-no-options","10":"first","11":"instock","12":"taxable","13":"shipping-taxable","14":"product-type-variable"},"acf":[],"_links":{"self":[{"href":"https:\/\/grupotextil.es\/en\/wp-json\/wp\/v2\/product\/226798","targetHints":{"allow":["GET"]}}],"collection":[{"href":"https:\/\/grupotextil.es\/en\/wp-json\/wp\/v2\/product"}],"about":[{"href":"https:\/\/grupotextil.es\/en\/wp-json\/wp\/v2\/types\/product"}],"replies":[{"embeddable":true,"href":"https:\/\/grupotextil.es\/en\/wp-json\/wp\/v2\/comments?post=226798"}],"wp:featuredmedia":[{"embeddable":true,"href":"https:\/\/grupotextil.es\/en\/wp-json\/wp\/v2\/media\/234822"}],"wp:attachment":[{"href":"https:\/\/grupotextil.es\/en\/wp-json\/wp\/v2\/media?parent=226798"}],"wp:term":[{"taxonomy":"product_brand","embeddable":true,"href":"https:\/\/grupotextil.es\/en\/wp-json\/wp\/v2\/product_brand?post=226798"},{"taxonomy":"product_cat","embeddable":true,"href":"https:\/\/grupotextil.es\/en\/wp-json\/wp\/v2\/product_cat?post=226798"},{"taxonomy":"product_tag","embeddable":true,"href":"https:\/\/grupotextil.es\/en\/wp-json\/wp\/v2\/product_tag?post=226798"}],"curies":[{"name":"wp","href":"https:\/\/api.w.org\/{rel}","templated":true}]}}