{"id":226860,"date":"2026-03-04T06:28:55","date_gmt":"2026-03-04T05:28:55","guid":{"rendered":"https:\/\/grupotextil.es\/producto\/subz-leg-warmer\/"},"modified":"2026-04-19T04:06:40","modified_gmt":"2026-04-19T02:06:40","slug":"subz-leg-warmer","status":"publish","type":"product","link":"https:\/\/grupotextil.es\/en\/product\/subz-leg-warmer\/","title":{"rendered":"SubZ Leg Warmer"},"content":{"rendered":"<p>Calentadores de piernas afelpados que mantienen las piernas calientes en condiciones de fr\u00edo. Ajuste ergon\u00f3mico y silicona en el dobladillo superior. Hechos de poli\u00e9ster reciclado.<\/p>\n<p>\u2022 Tejido suave, ligero y el\u00e1stico para mayor libertad de movimiento<\/p>\n<p>\u2022 Agarraderas el\u00e1sticas de silicona que mantienen las perneras en su sitio<\/p>\n<p>\u2022 Costuras colocadas ergon\u00f3micamente para seguir el movimiento del cuerpo<\/p>\n<p>\u2022 Afelpado suave para mayor comodidad y termorregulaci\u00f3n<\/p>\n<p>\u2022 Logo reflectante<\/p>\n<p>\u2022 Tejido de poli\u00e9ster reciclado<\/p>\n<p><strong>Composici\u00f3n:<\/strong> 88% Poli\u00e9ster reciclado, 12% Elastano | <strong>Tallas:<\/strong> XS\/S-3XL\/4XL<\/p>","protected":false},"excerpt":{"rendered":"<p>Calentadores de piernas afelpados que mantienen las piernas calientes en condiciones de fr\u00edo. Ajuste ergon\u00f3mico y silicona en el dobladillo superior. Hechos de poli\u00e9ster reciclado.<\/p>","protected":false},"featured_media":234856,"comment_status":"open","ping_status":"closed","template":"","meta":{"_acf_changed":false},"product_brand":[10489],"product_cat":[15147],"product_tag":[],"class_list":{"0":"post-226860","1":"product","2":"type-product","3":"status-publish","4":"has-post-thumbnail","6":"product_brand-craft","7":"product_cat-new-wave","8":"tm-no-options","10":"first","11":"instock","12":"taxable","13":"shipping-taxable","14":"product-type-variable"},"acf":[],"_links":{"self":[{"href":"https:\/\/grupotextil.es\/en\/wp-json\/wp\/v2\/product\/226860","targetHints":{"allow":["GET"]}}],"collection":[{"href":"https:\/\/grupotextil.es\/en\/wp-json\/wp\/v2\/product"}],"about":[{"href":"https:\/\/grupotextil.es\/en\/wp-json\/wp\/v2\/types\/product"}],"replies":[{"embeddable":true,"href":"https:\/\/grupotextil.es\/en\/wp-json\/wp\/v2\/comments?post=226860"}],"wp:featuredmedia":[{"embeddable":true,"href":"https:\/\/grupotextil.es\/en\/wp-json\/wp\/v2\/media\/234856"}],"wp:attachment":[{"href":"https:\/\/grupotextil.es\/en\/wp-json\/wp\/v2\/media?parent=226860"}],"wp:term":[{"taxonomy":"product_brand","embeddable":true,"href":"https:\/\/grupotextil.es\/en\/wp-json\/wp\/v2\/product_brand?post=226860"},{"taxonomy":"product_cat","embeddable":true,"href":"https:\/\/grupotextil.es\/en\/wp-json\/wp\/v2\/product_cat?post=226860"},{"taxonomy":"product_tag","embeddable":true,"href":"https:\/\/grupotextil.es\/en\/wp-json\/wp\/v2\/product_tag?post=226860"}],"curies":[{"name":"wp","href":"https:\/\/api.w.org\/{rel}","templated":true}]}}