{"id":226985,"date":"2026-03-04T06:30:10","date_gmt":"2026-03-04T05:30:10","guid":{"rendered":"https:\/\/grupotextil.es\/producto\/5535-shorts\/"},"modified":"2026-04-26T04:05:34","modified_gmt":"2026-04-26T02:05:34","slug":"5535-shorts","status":"publish","type":"product","link":"https:\/\/grupotextil.es\/en\/product\/5535-shorts\/","title":{"rendered":"5535 SHORTS"},"content":{"rendered":"<p>Pantalones cortos con bolsillos tipo funda que se pueden guardar en los bolsillos laterales, uno con un bolsillo adicional y otro con trabillas para herramientas. Bolsillos traseros con solapa y cierre de velcro. Bolsillo para cinta m\u00e9trica y bolsillo con bot\u00f3n para herramientas. Dos trabillas para martillos, una a cada lado. Refuerzo en el interior del bolsillo para cinta m\u00e9trica y en el interior de los bolsillos tipo funda.<\/p>\n<p><strong>Composici\u00f3n:<\/strong> 65% Poli\u00e9ster, 35% algod\u00f3n, 245 g\/m2 | <strong>Peso:<\/strong> 245 g\/m2 | <strong>Tallas:<\/strong> C42-C64<\/p>","protected":false},"excerpt":{"rendered":"<p>Pantalones cortos con bolsillos tipo funda que se pueden guardar en los bolsillos laterales, uno con un bolsillo adicional y otro con trabillas para herramientas. Bolsillos traseros con solapa y cierre de velcro. Bolsillo para cinta m\u00e9trica y bolsill<\/p>","protected":false},"featured_media":234925,"comment_status":"open","ping_status":"closed","template":"","meta":{"_acf_changed":false},"product_brand":[10531],"product_cat":[13983],"product_tag":[],"class_list":{"0":"post-226985","1":"product","2":"type-product","3":"status-publish","4":"has-post-thumbnail","6":"product_brand-projob","7":"product_cat-h-pantalones","8":"tm-no-options","10":"first","11":"instock","12":"taxable","13":"shipping-taxable","14":"product-type-variable"},"acf":[],"_links":{"self":[{"href":"https:\/\/grupotextil.es\/en\/wp-json\/wp\/v2\/product\/226985","targetHints":{"allow":["GET"]}}],"collection":[{"href":"https:\/\/grupotextil.es\/en\/wp-json\/wp\/v2\/product"}],"about":[{"href":"https:\/\/grupotextil.es\/en\/wp-json\/wp\/v2\/types\/product"}],"replies":[{"embeddable":true,"href":"https:\/\/grupotextil.es\/en\/wp-json\/wp\/v2\/comments?post=226985"}],"wp:featuredmedia":[{"embeddable":true,"href":"https:\/\/grupotextil.es\/en\/wp-json\/wp\/v2\/media\/234925"}],"wp:attachment":[{"href":"https:\/\/grupotextil.es\/en\/wp-json\/wp\/v2\/media?parent=226985"}],"wp:term":[{"taxonomy":"product_brand","embeddable":true,"href":"https:\/\/grupotextil.es\/en\/wp-json\/wp\/v2\/product_brand?post=226985"},{"taxonomy":"product_cat","embeddable":true,"href":"https:\/\/grupotextil.es\/en\/wp-json\/wp\/v2\/product_cat?post=226985"},{"taxonomy":"product_tag","embeddable":true,"href":"https:\/\/grupotextil.es\/en\/wp-json\/wp\/v2\/product_tag?post=226985"}],"curies":[{"name":"wp","href":"https:\/\/api.w.org\/{rel}","templated":true}]}}