{"id":227031,"date":"2026-03-04T06:30:38","date_gmt":"2026-03-04T05:30:38","guid":{"rendered":"https:\/\/grupotextil.es\/producto\/yb50-twill-s-s-regular\/"},"modified":"2026-04-26T04:05:34","modified_gmt":"2026-04-26T02:05:34","slug":"yb50-twill-s-s-regular","status":"publish","type":"product","link":"https:\/\/grupotextil.es\/en\/product\/yb50-twill-s-s-regular\/","title":{"rendered":"YB50 Twill S\/S Regular"},"content":{"rendered":"<p>Yellow Bow 50 es una camisa de altas prestaciones confeccionada en sarga y tratamiento Easy Care. Costuras selladas y canes\u00fa.<\/p>\n<p><strong>Composici\u00f3n:<\/strong> Sarga 60% algod\u00f3n org\u00e1nico (blanco: 60% algod\u00f3n) \/ 40% poli\u00e9ster reciclado, 135 g\/m\u00b2. Tratamiento Easy Care. Costuras principales selladas. Opci\u00f3n manga larga \/ manga corta. Botones altos de 4 mm de grosor. Pu\u00f1o de \u00e1ngel con orificio para gemelos. | <strong>Peso:<\/strong> 134 g\/m\u00b2 | <strong>Tallas:<\/strong> S-5XL<\/p>","protected":false},"excerpt":{"rendered":"<p>Yellow Bow 50 es una camisa de altas prestaciones confeccionada en sarga y tratamiento Easy Care. Costuras selladas y canes\u00fa.<\/p>","protected":false},"featured_media":234951,"comment_status":"open","ping_status":"closed","template":"","meta":{"_acf_changed":false},"product_brand":[10563],"product_cat":[13995],"product_tag":[],"class_list":{"0":"post-227031","1":"product","2":"type-product","3":"status-publish","4":"has-post-thumbnail","6":"product_brand-j-harvest-frost","7":"product_cat-n-camisetas","8":"tm-no-options","10":"first","11":"instock","12":"taxable","13":"shipping-taxable","14":"product-type-variable"},"acf":[],"_links":{"self":[{"href":"https:\/\/grupotextil.es\/en\/wp-json\/wp\/v2\/product\/227031","targetHints":{"allow":["GET"]}}],"collection":[{"href":"https:\/\/grupotextil.es\/en\/wp-json\/wp\/v2\/product"}],"about":[{"href":"https:\/\/grupotextil.es\/en\/wp-json\/wp\/v2\/types\/product"}],"replies":[{"embeddable":true,"href":"https:\/\/grupotextil.es\/en\/wp-json\/wp\/v2\/comments?post=227031"}],"wp:featuredmedia":[{"embeddable":true,"href":"https:\/\/grupotextil.es\/en\/wp-json\/wp\/v2\/media\/234951"}],"wp:attachment":[{"href":"https:\/\/grupotextil.es\/en\/wp-json\/wp\/v2\/media?parent=227031"}],"wp:term":[{"taxonomy":"product_brand","embeddable":true,"href":"https:\/\/grupotextil.es\/en\/wp-json\/wp\/v2\/product_brand?post=227031"},{"taxonomy":"product_cat","embeddable":true,"href":"https:\/\/grupotextil.es\/en\/wp-json\/wp\/v2\/product_cat?post=227031"},{"taxonomy":"product_tag","embeddable":true,"href":"https:\/\/grupotextil.es\/en\/wp-json\/wp\/v2\/product_tag?post=227031"}],"curies":[{"name":"wp","href":"https:\/\/api.w.org\/{rel}","templated":true}]}}