{"id":227157,"date":"2026-03-04T06:31:56","date_gmt":"2026-03-04T05:31:56","guid":{"rendered":"https:\/\/grupotextil.es\/producto\/heavy-premium-polo\/"},"modified":"2026-04-19T04:06:42","modified_gmt":"2026-04-19T02:06:42","slug":"heavy-premium-polo","status":"publish","type":"product","link":"https:\/\/grupotextil.es\/en\/product\/heavy-premium-polo\/","title":{"rendered":"Heavy Premium Polo"},"content":{"rendered":"<p>Polo piqu\u00e9 de manga corta en algod\u00f3n peinado pre encogido y con tratamiento enzim\u00e1tico. Tapeta en espiga en el interior. Aberturas laterales y tres botones a tono. Versi\u00f3n femenina con cuatro botones.<\/p>\n<p><strong>Composici\u00f3n:<\/strong> 100% Algod\u00f3n peinado (gris marengo [95] 85% algod\u00f3n, 15% viscosa). | <strong>Peso:<\/strong> 270 g\/m2 | <strong>Tallas:<\/strong> XS-4XL<\/p>","protected":false},"excerpt":{"rendered":"<p>Polo piqu\u00e9 de manga corta en algod\u00f3n peinado pre encogido y con tratamiento enzim\u00e1tico. Tapeta en espiga en el interior. Aberturas laterales y tres botones a tono. Versi\u00f3n femenina con cuatro botones.<\/p>","protected":false},"featured_media":235016,"comment_status":"open","ping_status":"closed","template":"","meta":{"_acf_changed":false},"product_brand":[10446],"product_cat":[13979],"product_tag":[],"class_list":{"0":"post-227157","1":"product","2":"type-product","3":"status-publish","4":"has-post-thumbnail","6":"product_brand-clique","7":"product_cat-h-polos","8":"tm-no-options","10":"first","11":"instock","12":"taxable","13":"shipping-taxable","14":"product-type-variable"},"acf":[],"_links":{"self":[{"href":"https:\/\/grupotextil.es\/en\/wp-json\/wp\/v2\/product\/227157","targetHints":{"allow":["GET"]}}],"collection":[{"href":"https:\/\/grupotextil.es\/en\/wp-json\/wp\/v2\/product"}],"about":[{"href":"https:\/\/grupotextil.es\/en\/wp-json\/wp\/v2\/types\/product"}],"replies":[{"embeddable":true,"href":"https:\/\/grupotextil.es\/en\/wp-json\/wp\/v2\/comments?post=227157"}],"wp:featuredmedia":[{"embeddable":true,"href":"https:\/\/grupotextil.es\/en\/wp-json\/wp\/v2\/media\/235016"}],"wp:attachment":[{"href":"https:\/\/grupotextil.es\/en\/wp-json\/wp\/v2\/media?parent=227157"}],"wp:term":[{"taxonomy":"product_brand","embeddable":true,"href":"https:\/\/grupotextil.es\/en\/wp-json\/wp\/v2\/product_brand?post=227157"},{"taxonomy":"product_cat","embeddable":true,"href":"https:\/\/grupotextil.es\/en\/wp-json\/wp\/v2\/product_cat?post=227157"},{"taxonomy":"product_tag","embeddable":true,"href":"https:\/\/grupotextil.es\/en\/wp-json\/wp\/v2\/product_tag?post=227157"}],"curies":[{"name":"wp","href":"https:\/\/api.w.org\/{rel}","templated":true}]}}