{"id":227280,"date":"2026-03-04T06:33:19","date_gmt":"2026-03-04T05:33:19","guid":{"rendered":"https:\/\/grupotextil.es\/producto\/6514-pantalon-acolchado-cordura-hv-clase-2\/"},"modified":"2026-04-26T04:05:35","modified_gmt":"2026-04-26T02:05:35","slug":"6514-pantalon-acolchado-cordura-hv-clase-2","status":"publish","type":"product","link":"https:\/\/grupotextil.es\/en\/product\/6514-pantalon-acolchado-cordura-hv-clase-2\/","title":{"rendered":"6514 PANTAL\u00d3N ACOLCHADO CORDURA HV CLASE 2"},"content":{"rendered":"<p>Pantalones acolchados en material impermeable y resistente al viento, con costuras selladas. A trav\u00e9s del material funcional, el exceso de calor del cuerpo se transporta fuera del tejido, sin dejar pasar el viento ni el agua. Cintura extra alta para evitar holguras, ajustable con velcro en los laterales, tambi\u00e9n forrada con forro polar para mayor calidez y comodidad. Trabilla m\u00e1s ancha en la espalda para evitar la presi\u00f3n del cintur\u00f3n. Amplios bolsillos laterales. Bolsillos en piernas, en el lado izquierdo bolsillo con solapa y cierre de bot\u00f3n a presi\u00f3n, bolsillo interior para m\u00f3vil y gancho para tarjeta de identificaci\u00f3n. En el lado derecho bolsillo para cinta m\u00e9trica y bolsillo con bot\u00f3n para herramientas. Bolsillos traseros con anchura extra y cierre de velcro. Cremalleras a lo largo de la parte exterior de las piernas y hasta las rodillas para facilitar el vestirse y desvestirse, anchura de los dobladillos de las piernas ajustables con botones a presi\u00f3n. Rodillas precurvadas. Bolsillos interiores para protectores de rodillas, ajustables a dos niveles de altura. Los bolsillos, los dobladillos de las piernas y las rodillas est\u00e1n reforzados con Cordura\u00ae para una mayor durabilidad. Fijaciones para tirantes (ref. art\u00edculo 9047).<\/p>\n<p><strong>Composici\u00f3n:<\/strong> 100% poli\u00e9ster. Refuerzos: 100% poliamida Forro: 100% poli\u00e9ster | <strong>Peso:<\/strong> 190 g\/m\u00b2 | <strong>Tallas:<\/strong> C44-D120<\/p>","protected":false},"excerpt":{"rendered":"<p>Pantalones acolchados en material impermeable y resistente al viento, con costuras selladas. A trav\u00e9s del material funcional, el exceso de calor del cuerpo se transporta fuera del tejido, sin dejar pasar el viento ni el agua. Cintura extra alta para<\/p>","protected":false},"featured_media":235083,"comment_status":"open","ping_status":"closed","template":"","meta":{"_acf_changed":false},"product_brand":[10531],"product_cat":[13983],"product_tag":[],"class_list":{"0":"post-227280","1":"product","2":"type-product","3":"status-publish","4":"has-post-thumbnail","6":"product_brand-projob","7":"product_cat-h-pantalones","8":"tm-no-options","10":"first","11":"instock","12":"taxable","13":"shipping-taxable","14":"product-type-variable"},"acf":[],"_links":{"self":[{"href":"https:\/\/grupotextil.es\/en\/wp-json\/wp\/v2\/product\/227280","targetHints":{"allow":["GET"]}}],"collection":[{"href":"https:\/\/grupotextil.es\/en\/wp-json\/wp\/v2\/product"}],"about":[{"href":"https:\/\/grupotextil.es\/en\/wp-json\/wp\/v2\/types\/product"}],"replies":[{"embeddable":true,"href":"https:\/\/grupotextil.es\/en\/wp-json\/wp\/v2\/comments?post=227280"}],"wp:featuredmedia":[{"embeddable":true,"href":"https:\/\/grupotextil.es\/en\/wp-json\/wp\/v2\/media\/235083"}],"wp:attachment":[{"href":"https:\/\/grupotextil.es\/en\/wp-json\/wp\/v2\/media?parent=227280"}],"wp:term":[{"taxonomy":"product_brand","embeddable":true,"href":"https:\/\/grupotextil.es\/en\/wp-json\/wp\/v2\/product_brand?post=227280"},{"taxonomy":"product_cat","embeddable":true,"href":"https:\/\/grupotextil.es\/en\/wp-json\/wp\/v2\/product_cat?post=227280"},{"taxonomy":"product_tag","embeddable":true,"href":"https:\/\/grupotextil.es\/en\/wp-json\/wp\/v2\/product_tag?post=227280"}],"curies":[{"name":"wp","href":"https:\/\/api.w.org\/{rel}","templated":true}]}}