{"id":227425,"date":"2026-03-04T06:34:44","date_gmt":"2026-03-04T05:34:44","guid":{"rendered":"https:\/\/grupotextil.es\/producto\/5536-pantalon-elastico-cordura\/"},"modified":"2026-04-19T04:06:44","modified_gmt":"2026-04-19T02:06:44","slug":"5536-pantalon-elastico-cordura","status":"publish","type":"product","link":"https:\/\/grupotextil.es\/en\/product\/5536-pantalon-elastico-cordura\/","title":{"rendered":"5536 PANTAL\u00d3N EL\u00c1STICO CORDURA"},"content":{"rendered":"<p>Pantal\u00f3n con gran flexibilidad. Tejido el\u00e1stico en la zona trasera, la entrepierna y las rodillas para proporcionar una mayor libertad de movimientos. Aberturas de ventilaci\u00f3n con cremalleras a lo largo de ambos lados de las piernas, con forro de malla. Amplios bolsillos en las piernas con cremalleras a ambos lados, ambos con gancho interior para sujetar la tarjeta de identificaci\u00f3n. Bolsillos exteriores para herramientas y bol\u00edgrafos en el lado izquierdo. En el lado derecho bolsillo para cinta m\u00e9trica y bolsillo con bot\u00f3n para herramientas. Trabilla m\u00e1s ancha en la parte trasera para evitar la presi\u00f3n del cintur\u00f3n. Bolsillos traseros con anchura extra. Bolsillos para fundas, reforzados con Cordura\u00ae. Detalles reflectantes en la parte posterior de las rodillas. Extremos de las piernas ajustables y sin costuras para una mayor durabilidad. Rodillas precurvadas. Bolsillos internos para protectores de rodilla, ajustables a dos niveles de altura. Duradera elasticidad en Cordura\u00ae sobre las rodillas. Los bolsillos y los dobladillos de las piernas est\u00e1n reforzados con Cordura\u00ae para una mayor durabilidad.<\/p>\n<p><strong>Composici\u00f3n:<\/strong> Tejido 1: 65% poli\u00e9ster, 35% algod\u00f3n, 235 g\/m2  Tejido 2: 92% nylon, 8% spandex Tejido 3: 100% nylon Cordura\u00ae, 213 g\/m2 | <strong>Peso:<\/strong> 235 g\/m\u00b2, 245 g\/m\u00b2 | <strong>Tallas:<\/strong> C44-D120<\/p>","protected":false},"excerpt":{"rendered":"<p>Pantal\u00f3n con gran flexibilidad. Tejido el\u00e1stico en la zona trasera, la entrepierna y las rodillas para proporcionar una mayor libertad de movimientos. Aberturas de ventilaci\u00f3n con cremalleras a lo largo de ambos lados de las piernas, con forro de mal<\/p>","protected":false},"featured_media":235164,"comment_status":"open","ping_status":"closed","template":"","meta":{"_acf_changed":false},"product_brand":[10531],"product_cat":[13983],"product_tag":[],"class_list":{"0":"post-227425","1":"product","2":"type-product","3":"status-publish","4":"has-post-thumbnail","6":"product_brand-projob","7":"product_cat-h-pantalones","8":"tm-no-options","10":"first","11":"instock","12":"taxable","13":"shipping-taxable","14":"product-type-variable"},"acf":[],"_links":{"self":[{"href":"https:\/\/grupotextil.es\/en\/wp-json\/wp\/v2\/product\/227425","targetHints":{"allow":["GET"]}}],"collection":[{"href":"https:\/\/grupotextil.es\/en\/wp-json\/wp\/v2\/product"}],"about":[{"href":"https:\/\/grupotextil.es\/en\/wp-json\/wp\/v2\/types\/product"}],"replies":[{"embeddable":true,"href":"https:\/\/grupotextil.es\/en\/wp-json\/wp\/v2\/comments?post=227425"}],"wp:featuredmedia":[{"embeddable":true,"href":"https:\/\/grupotextil.es\/en\/wp-json\/wp\/v2\/media\/235164"}],"wp:attachment":[{"href":"https:\/\/grupotextil.es\/en\/wp-json\/wp\/v2\/media?parent=227425"}],"wp:term":[{"taxonomy":"product_brand","embeddable":true,"href":"https:\/\/grupotextil.es\/en\/wp-json\/wp\/v2\/product_brand?post=227425"},{"taxonomy":"product_cat","embeddable":true,"href":"https:\/\/grupotextil.es\/en\/wp-json\/wp\/v2\/product_cat?post=227425"},{"taxonomy":"product_tag","embeddable":true,"href":"https:\/\/grupotextil.es\/en\/wp-json\/wp\/v2\/product_tag?post=227425"}],"curies":[{"name":"wp","href":"https:\/\/api.w.org\/{rel}","templated":true}]}}