{"id":227483,"date":"2026-03-04T06:35:19","date_gmt":"2026-03-04T05:35:19","guid":{"rendered":"https:\/\/grupotextil.es\/producto\/6501-pantalon-cordura-hv-clase-2\/"},"modified":"2026-04-19T04:06:44","modified_gmt":"2026-04-19T02:06:44","slug":"6501-pantalon-cordura-hv-clase-2","status":"publish","type":"product","link":"https:\/\/grupotextil.es\/en\/product\/6501-pantalon-cordura-hv-clase-2\/","title":{"rendered":"6501 PANTAL\u00d3N CORDURA HV CLASE 2"},"content":{"rendered":"<p>Pantal\u00f3n con bolsillos laterales, el derecho con bolsillo interior de seguridad con cierre de cremallera. Bolsillos en las piernas, en el lado izquierdo un amplio bolsillo con solapa y cierre de velcro y un bolsillo para el m\u00f3vil. En el lado derecho bolsillos para bol\u00edgrafos, papel y cinta m\u00e9trica. Bolsillos traseros. D-Ring en cintura. Bolsillos internos de protecci\u00f3n de las rodillas. Los bolsillos y los dobladillos de las piernas est\u00e1n reforzados con Cordura\u00ae para una mayor durabilidad.<\/p>\n<p><strong>Composici\u00f3n:<\/strong> 68% poli\u00e9ster, 32% algod\u00f3n, 275 g\/m2 Refuerzos: 100% poliamida Cordura\u00ae | <strong>Peso:<\/strong> 275 g\/m\u00b2 | <strong>Tallas:<\/strong> C44-D120<\/p>","protected":false},"excerpt":{"rendered":"<p>Pantal\u00f3n con bolsillos laterales, el derecho con bolsillo interior de seguridad con cierre de cremallera. Bolsillos en las piernas, en el lado izquierdo un amplio bolsillo con solapa y cierre de velcro y un bolsillo para el m\u00f3vil. En el lado derecho<\/p>","protected":false},"featured_media":235199,"comment_status":"open","ping_status":"closed","template":"","meta":{"_acf_changed":false},"product_brand":[10531],"product_cat":[13983],"product_tag":[],"class_list":{"0":"post-227483","1":"product","2":"type-product","3":"status-publish","4":"has-post-thumbnail","6":"product_brand-projob","7":"product_cat-h-pantalones","8":"tm-no-options","10":"first","11":"instock","12":"taxable","13":"shipping-taxable","14":"product-type-variable"},"acf":[],"_links":{"self":[{"href":"https:\/\/grupotextil.es\/en\/wp-json\/wp\/v2\/product\/227483","targetHints":{"allow":["GET"]}}],"collection":[{"href":"https:\/\/grupotextil.es\/en\/wp-json\/wp\/v2\/product"}],"about":[{"href":"https:\/\/grupotextil.es\/en\/wp-json\/wp\/v2\/types\/product"}],"replies":[{"embeddable":true,"href":"https:\/\/grupotextil.es\/en\/wp-json\/wp\/v2\/comments?post=227483"}],"wp:featuredmedia":[{"embeddable":true,"href":"https:\/\/grupotextil.es\/en\/wp-json\/wp\/v2\/media\/235199"}],"wp:attachment":[{"href":"https:\/\/grupotextil.es\/en\/wp-json\/wp\/v2\/media?parent=227483"}],"wp:term":[{"taxonomy":"product_brand","embeddable":true,"href":"https:\/\/grupotextil.es\/en\/wp-json\/wp\/v2\/product_brand?post=227483"},{"taxonomy":"product_cat","embeddable":true,"href":"https:\/\/grupotextil.es\/en\/wp-json\/wp\/v2\/product_cat?post=227483"},{"taxonomy":"product_tag","embeddable":true,"href":"https:\/\/grupotextil.es\/en\/wp-json\/wp\/v2\/product_tag?post=227483"}],"curies":[{"name":"wp","href":"https:\/\/api.w.org\/{rel}","templated":true}]}}