{"id":227493,"date":"2026-03-04T06:35:26","date_gmt":"2026-03-04T05:35:26","guid":{"rendered":"https:\/\/grupotextil.es\/producto\/dumas-women\/"},"modified":"2026-04-19T04:06:44","modified_gmt":"2026-04-19T02:06:44","slug":"dumas-women","status":"publish","type":"product","link":"https:\/\/grupotextil.es\/en\/product\/dumas-women\/","title":{"rendered":"Dumas Women"},"content":{"rendered":"<p>Chaqueta acolchada c\u00e1lida hecha para condiciones fr\u00edas. Capucha ajustable extra\u00edble. Cremalleras SBS impermeables en el pecho y en los bolsillos delanteros. Dos grandes bolsillos interiores de malla. Cord\u00f3n en bajo en el modelo de hombre y en la cintura en la versi\u00f3n para mujer. Pu\u00f1os ajustables con velcro con pu\u00f1o interior de canal\u00e9 2&#215;2 en manga. Incluye dos cremalleras bordadas.<\/p>\n<p><strong>Composici\u00f3n:<\/strong> 100% Poli\u00e9ster + TPU coating 50D*50D 100% Poli\u00e9ster con revestimiento reflectante. WP 5000\/MVP 3000 | <strong>Tallas:<\/strong> XS-XXL<\/p>","protected":false},"excerpt":{"rendered":"<p>Chaqueta acolchada c\u00e1lida hecha para condiciones fr\u00edas. Capucha ajustable extra\u00edble. Cremalleras SBS impermeables en el pecho y en los bolsillos delanteros. Dos grandes bolsillos interiores de malla. Cord\u00f3n en bajo en el modelo de hombre y en la cint<\/p>","protected":false},"featured_media":235207,"comment_status":"open","ping_status":"closed","template":"","meta":{"_acf_changed":false},"product_brand":[10446],"product_cat":[13998],"product_tag":[],"class_list":{"0":"post-227493","1":"product","2":"type-product","3":"status-publish","4":"has-post-thumbnail","6":"product_brand-clique","7":"product_cat-n-chaquetas","8":"tm-no-options","10":"first","11":"outofstock","12":"taxable","13":"shipping-taxable","14":"product-type-variable"},"acf":[],"_links":{"self":[{"href":"https:\/\/grupotextil.es\/en\/wp-json\/wp\/v2\/product\/227493","targetHints":{"allow":["GET"]}}],"collection":[{"href":"https:\/\/grupotextil.es\/en\/wp-json\/wp\/v2\/product"}],"about":[{"href":"https:\/\/grupotextil.es\/en\/wp-json\/wp\/v2\/types\/product"}],"replies":[{"embeddable":true,"href":"https:\/\/grupotextil.es\/en\/wp-json\/wp\/v2\/comments?post=227493"}],"wp:featuredmedia":[{"embeddable":true,"href":"https:\/\/grupotextil.es\/en\/wp-json\/wp\/v2\/media\/235207"}],"wp:attachment":[{"href":"https:\/\/grupotextil.es\/en\/wp-json\/wp\/v2\/media?parent=227493"}],"wp:term":[{"taxonomy":"product_brand","embeddable":true,"href":"https:\/\/grupotextil.es\/en\/wp-json\/wp\/v2\/product_brand?post=227493"},{"taxonomy":"product_cat","embeddable":true,"href":"https:\/\/grupotextil.es\/en\/wp-json\/wp\/v2\/product_cat?post=227493"},{"taxonomy":"product_tag","embeddable":true,"href":"https:\/\/grupotextil.es\/en\/wp-json\/wp\/v2\/product_tag?post=227493"}],"curies":[{"name":"wp","href":"https:\/\/api.w.org\/{rel}","templated":true}]}}