{"id":227548,"date":"2026-03-04T06:36:00","date_gmt":"2026-03-04T05:36:00","guid":{"rendered":"https:\/\/grupotextil.es\/producto\/6573-pantalon-elastico-clase-2\/"},"modified":"2026-04-19T04:06:44","modified_gmt":"2026-04-19T02:06:44","slug":"6573-pantalon-elastico-clase-2","status":"publish","type":"product","link":"https:\/\/grupotextil.es\/en\/product\/6573-pantalon-elastico-clase-2\/","title":{"rendered":"6573 PANTAL\u00d3N EL\u00c1STICO CLASE 2"},"content":{"rendered":"<p>Pantal\u00f3n totalmente el\u00e1stico que proporciona la m\u00e1xima libertad de movimiento y comodidad. Corte moderno. Los laterales de la parte superior no son el\u00e1sticos para dar estabilidad al pantal\u00f3n. Bolsillos tipo funda con compartimentos adicionales y refuerzo interno de Cordura\u00ae. Si se desea, se pueden quitar los bolsillos tipo funda descosiendo la costura de contraste de la parte trasera. Aberturas de ventilaci\u00f3n en la parte posterior de la cintura. Amplios bolsillos en pierna a ambos lados. Bolsillo en la pierna izquierda para herramientas y bol\u00edgrafos, bolsillo para el m\u00f3vil con cierre magn\u00e9tico y gancho para sujetar la tarjeta de identificaci\u00f3n. En el lado derecho bolsillo para cinta m\u00e9trica y bolsillo con bot\u00f3n para herramientas. Trabilla m\u00e1s ancha en la parte trasera para evitar la presi\u00f3n del cintur\u00f3n. Bolsillos traseros en Cordura\u00ae, uno con solapa y cierre magn\u00e9tico. Rodillas precurvadas. Bolsillos internos para protectores de rodillas, ajustables a dos niveles de altura. Los bolsillos y las rodillas est\u00e1n reforzados con Cordura\u00ae para una mayor durabilidad. Posibilidad de acoplar sistema MOLLE en ambos lados.<\/p>\n<p><strong>Composici\u00f3n:<\/strong> Tejido 1: 92% Poli\u00e9ster, 8% spandex  Tejido 2: 80% Poli\u00e9ster, 20% algod\u00f3n  Tejido 3: 65% Poli\u00e9ster, 35% algod\u00f3n  Tejido 4: 89% Poliamida, 11% spandex  Refuerzos: 100% Poliamida, Cordura\u00ae | <strong>Tallas:<\/strong> C44-D120<\/p>","protected":false},"excerpt":{"rendered":"<p>Pantal\u00f3n totalmente el\u00e1stico que proporciona la m\u00e1xima libertad de movimiento y comodidad. Corte moderno. Los laterales de la parte superior no son el\u00e1sticos para dar estabilidad al pantal\u00f3n. Bolsillos tipo funda con compartimentos adicionales y refu<\/p>","protected":false},"featured_media":235238,"comment_status":"open","ping_status":"closed","template":"","meta":{"_acf_changed":false},"product_brand":[10531],"product_cat":[13983],"product_tag":[],"class_list":{"0":"post-227548","1":"product","2":"type-product","3":"status-publish","4":"has-post-thumbnail","6":"product_brand-projob","7":"product_cat-h-pantalones","8":"tm-no-options","10":"first","11":"instock","12":"taxable","13":"shipping-taxable","14":"product-type-variable"},"acf":[],"_links":{"self":[{"href":"https:\/\/grupotextil.es\/en\/wp-json\/wp\/v2\/product\/227548","targetHints":{"allow":["GET"]}}],"collection":[{"href":"https:\/\/grupotextil.es\/en\/wp-json\/wp\/v2\/product"}],"about":[{"href":"https:\/\/grupotextil.es\/en\/wp-json\/wp\/v2\/types\/product"}],"replies":[{"embeddable":true,"href":"https:\/\/grupotextil.es\/en\/wp-json\/wp\/v2\/comments?post=227548"}],"wp:featuredmedia":[{"embeddable":true,"href":"https:\/\/grupotextil.es\/en\/wp-json\/wp\/v2\/media\/235238"}],"wp:attachment":[{"href":"https:\/\/grupotextil.es\/en\/wp-json\/wp\/v2\/media?parent=227548"}],"wp:term":[{"taxonomy":"product_brand","embeddable":true,"href":"https:\/\/grupotextil.es\/en\/wp-json\/wp\/v2\/product_brand?post=227548"},{"taxonomy":"product_cat","embeddable":true,"href":"https:\/\/grupotextil.es\/en\/wp-json\/wp\/v2\/product_cat?post=227548"},{"taxonomy":"product_tag","embeddable":true,"href":"https:\/\/grupotextil.es\/en\/wp-json\/wp\/v2\/product_tag?post=227548"}],"curies":[{"name":"wp","href":"https:\/\/api.w.org\/{rel}","templated":true}]}}