{"id":227676,"date":"2026-03-04T06:37:16","date_gmt":"2026-03-04T05:37:16","guid":{"rendered":"https:\/\/grupotextil.es\/producto\/ib131-pique-knit-regular\/"},"modified":"2026-04-19T04:06:45","modified_gmt":"2026-04-19T02:06:45","slug":"ib131-pique-knit-regular","status":"publish","type":"product","link":"https:\/\/grupotextil.es\/en\/product\/ib131-pique-knit-regular\/","title":{"rendered":"IB131 Pique Knit Regular"},"content":{"rendered":"<p>Una nueva versi\u00f3n ligera de nuestrro piqu\u00e9 de punto Indigo bow. Viene en tres estampados elegantes y modernos. Tejido con el mejor algod\u00f3n compacto de fibra larga, para mayor suavidad y comodidad. Bot\u00f3n bajo el cuello. Combinando lo mejor de dos mundos, hacen de esta la camisa de vestir m\u00e1s c\u00f3moda y atractiva del mundo. Es como llevar una camiseta. Esto es posible gracias al hilo de alta gama y al tratamiento suave, que le da a la camisa un toque lujoso y sedoso. Adem\u00e1s, cuando se usa hilo de alta calidad en un tejido de punto se obtiene un rendimiento natural que no necesita planchado. Tenemos mucha confianza en esta nueva e innovadora forma de hacer camisas finas y, por eso, esperamos desarrollar m\u00e1s colores y patrones.<\/p>\n<p><strong>Composici\u00f3n:<\/strong> 100% algod\u00f3n compacto de fibra larga de 2 capas, punto piqu\u00e9, 135 g\/m\u00b2, 100% algod\u00f3n compacto de fibra larga. El\u00e1stico 360\u00b0. Lujosos botones azul marino de 4 mm de grosor. | <strong>Peso:<\/strong> 135 g\/m\u00b2 | <strong>Tallas:<\/strong> S-4XL<\/p>","protected":false},"excerpt":{"rendered":"<p>Una nueva versi\u00f3n ligera de nuestrro piqu\u00e9 de punto Indigo bow. Viene en tres estampados elegantes y modernos. Tejido con el mejor algod\u00f3n compacto de fibra larga, para mayor suavidad y comodidad. Bot\u00f3n bajo el cuello. Combinando lo mejor de dos mund<\/p>","protected":false},"featured_media":235309,"comment_status":"open","ping_status":"closed","template":"","meta":{"_acf_changed":false},"product_brand":[10563],"product_cat":[13995],"product_tag":[],"class_list":{"0":"post-227676","1":"product","2":"type-product","3":"status-publish","4":"has-post-thumbnail","6":"product_brand-j-harvest-frost","7":"product_cat-n-camisetas","8":"tm-no-options","10":"first","11":"instock","12":"taxable","13":"shipping-taxable","14":"product-type-variable"},"acf":[],"_links":{"self":[{"href":"https:\/\/grupotextil.es\/en\/wp-json\/wp\/v2\/product\/227676","targetHints":{"allow":["GET"]}}],"collection":[{"href":"https:\/\/grupotextil.es\/en\/wp-json\/wp\/v2\/product"}],"about":[{"href":"https:\/\/grupotextil.es\/en\/wp-json\/wp\/v2\/types\/product"}],"replies":[{"embeddable":true,"href":"https:\/\/grupotextil.es\/en\/wp-json\/wp\/v2\/comments?post=227676"}],"wp:featuredmedia":[{"embeddable":true,"href":"https:\/\/grupotextil.es\/en\/wp-json\/wp\/v2\/media\/235309"}],"wp:attachment":[{"href":"https:\/\/grupotextil.es\/en\/wp-json\/wp\/v2\/media?parent=227676"}],"wp:term":[{"taxonomy":"product_brand","embeddable":true,"href":"https:\/\/grupotextil.es\/en\/wp-json\/wp\/v2\/product_brand?post=227676"},{"taxonomy":"product_cat","embeddable":true,"href":"https:\/\/grupotextil.es\/en\/wp-json\/wp\/v2\/product_cat?post=227676"},{"taxonomy":"product_tag","embeddable":true,"href":"https:\/\/grupotextil.es\/en\/wp-json\/wp\/v2\/product_tag?post=227676"}],"curies":[{"name":"wp","href":"https:\/\/api.w.org\/{rel}","templated":true}]}}