{"id":227681,"date":"2026-03-04T06:37:19","date_gmt":"2026-03-04T05:37:19","guid":{"rendered":"https:\/\/grupotextil.es\/producto\/5530-pantalon-algodon-bicolor\/"},"modified":"2026-04-26T04:05:38","modified_gmt":"2026-04-26T02:05:38","slug":"5530-pantalon-algodon-bicolor","status":"publish","type":"product","link":"https:\/\/grupotextil.es\/en\/product\/5530-pantalon-algodon-bicolor\/","title":{"rendered":"5530 PANTAL\u00d3N ALGOD\u00d3N BICOLOR"},"content":{"rendered":"<p>Pantalones de algod\u00f3n resistente con un gramaje ligeramente inferior para un pantal\u00f3n ligero. Bolsillos tipo funda que se pueden guardar en los bolsillos laterales, uno con un bolsillo adicional y otro con trabillas para herramientas. Bolsillos traseros con solapa y cierre de velcro. Bolsillo para cinta m\u00e9trica con bolsillo con bot\u00f3n para herramientas. Dos trabillas para martillo, una a cada lado. Refuerzo en el interior de los bolsillos de la funda, bolsillo para cinta m\u00e9trica y sobre las rodillas. Rodillas precurvadas. Bolsillos interiores para protectores de rodillas, ajustables a dos niveles de altura. La talla C42-C64 puede alargarse 5 cm.<\/p>\n<p><strong>Composici\u00f3n:<\/strong> 100% Algod\u00f3n, 320 g\/m2 | <strong>Peso:<\/strong> 320 g\/m2 | <strong>Tallas:<\/strong> C42-D120<\/p>","protected":false},"excerpt":{"rendered":"<p>Pantalones de algod\u00f3n resistente con un gramaje ligeramente inferior para un pantal\u00f3n ligero. Bolsillos tipo funda que se pueden guardar en los bolsillos laterales, uno con un bolsillo adicional y otro con trabillas para herramientas. Bolsillos trase<\/p>","protected":false},"featured_media":235312,"comment_status":"open","ping_status":"closed","template":"","meta":{"_acf_changed":false},"product_brand":[10531],"product_cat":[13983],"product_tag":[],"class_list":{"0":"post-227681","1":"product","2":"type-product","3":"status-publish","4":"has-post-thumbnail","6":"product_brand-projob","7":"product_cat-h-pantalones","8":"tm-no-options","10":"first","11":"instock","12":"taxable","13":"shipping-taxable","14":"product-type-variable"},"acf":[],"_links":{"self":[{"href":"https:\/\/grupotextil.es\/en\/wp-json\/wp\/v2\/product\/227681","targetHints":{"allow":["GET"]}}],"collection":[{"href":"https:\/\/grupotextil.es\/en\/wp-json\/wp\/v2\/product"}],"about":[{"href":"https:\/\/grupotextil.es\/en\/wp-json\/wp\/v2\/types\/product"}],"replies":[{"embeddable":true,"href":"https:\/\/grupotextil.es\/en\/wp-json\/wp\/v2\/comments?post=227681"}],"wp:featuredmedia":[{"embeddable":true,"href":"https:\/\/grupotextil.es\/en\/wp-json\/wp\/v2\/media\/235312"}],"wp:attachment":[{"href":"https:\/\/grupotextil.es\/en\/wp-json\/wp\/v2\/media?parent=227681"}],"wp:term":[{"taxonomy":"product_brand","embeddable":true,"href":"https:\/\/grupotextil.es\/en\/wp-json\/wp\/v2\/product_brand?post=227681"},{"taxonomy":"product_cat","embeddable":true,"href":"https:\/\/grupotextil.es\/en\/wp-json\/wp\/v2\/product_cat?post=227681"},{"taxonomy":"product_tag","embeddable":true,"href":"https:\/\/grupotextil.es\/en\/wp-json\/wp\/v2\/product_tag?post=227681"}],"curies":[{"name":"wp","href":"https:\/\/api.w.org\/{rel}","templated":true}]}}