{"id":227801,"date":"2026-03-04T06:38:28","date_gmt":"2026-03-04T05:38:28","guid":{"rendered":"https:\/\/grupotextil.es\/producto\/slub-t\/"},"modified":"2026-04-19T04:06:46","modified_gmt":"2026-04-19T02:06:46","slug":"slub-t","status":"publish","type":"product","link":"https:\/\/grupotextil.es\/en\/product\/slub-t\/","title":{"rendered":"Slub-T"},"content":{"rendered":"<p>Camiseta en ajuste moderno 100% algod\u00f3n ring spun slub jersey, de f\u00e1cil re etiquetado. Costuras laterales y tapeta reforzada. Tejido pre-encogido y con tratamiento enzim\u00e1tico.<\/p>\n<p><strong>Composici\u00f3n:<\/strong> 100% algod\u00f3n | <strong>Peso:<\/strong> 140 g\/m2 | <strong>Tallas:<\/strong> XS-XXL<\/p>","protected":false},"excerpt":{"rendered":"<p>Camiseta en ajuste moderno 100% algod\u00f3n ring spun slub jersey, de f\u00e1cil re etiquetado. Costuras laterales y tapeta reforzada. Tejido pre-encogido y con tratamiento enzim\u00e1tico.<\/p>","protected":false},"featured_media":235373,"comment_status":"open","ping_status":"closed","template":"","meta":{"_acf_changed":false},"product_brand":[10446],"product_cat":[13995],"product_tag":[],"class_list":{"0":"post-227801","1":"product","2":"type-product","3":"status-publish","4":"has-post-thumbnail","6":"product_brand-clique","7":"product_cat-n-camisetas","8":"tm-no-options","10":"first","11":"instock","12":"taxable","13":"shipping-taxable","14":"product-type-variable"},"acf":[],"_links":{"self":[{"href":"https:\/\/grupotextil.es\/en\/wp-json\/wp\/v2\/product\/227801","targetHints":{"allow":["GET"]}}],"collection":[{"href":"https:\/\/grupotextil.es\/en\/wp-json\/wp\/v2\/product"}],"about":[{"href":"https:\/\/grupotextil.es\/en\/wp-json\/wp\/v2\/types\/product"}],"replies":[{"embeddable":true,"href":"https:\/\/grupotextil.es\/en\/wp-json\/wp\/v2\/comments?post=227801"}],"wp:featuredmedia":[{"embeddable":true,"href":"https:\/\/grupotextil.es\/en\/wp-json\/wp\/v2\/media\/235373"}],"wp:attachment":[{"href":"https:\/\/grupotextil.es\/en\/wp-json\/wp\/v2\/media?parent=227801"}],"wp:term":[{"taxonomy":"product_brand","embeddable":true,"href":"https:\/\/grupotextil.es\/en\/wp-json\/wp\/v2\/product_brand?post=227801"},{"taxonomy":"product_cat","embeddable":true,"href":"https:\/\/grupotextil.es\/en\/wp-json\/wp\/v2\/product_cat?post=227801"},{"taxonomy":"product_tag","embeddable":true,"href":"https:\/\/grupotextil.es\/en\/wp-json\/wp\/v2\/product_tag?post=227801"}],"curies":[{"name":"wp","href":"https:\/\/api.w.org\/{rel}","templated":true}]}}