{"id":227815,"date":"2026-03-04T06:38:35","date_gmt":"2026-03-04T05:38:35","guid":{"rendered":"https:\/\/grupotextil.es\/producto\/community-2-0-shorts-m\/"},"modified":"2026-04-19T04:06:46","modified_gmt":"2026-04-19T02:06:46","slug":"community-2-0-shorts-m","status":"publish","type":"product","link":"https:\/\/grupotextil.es\/en\/product\/community-2-0-shorts-m\/","title":{"rendered":"Community 2.0 Shorts M"},"content":{"rendered":"<p>El pantal\u00f3n corto Community 2.0 Short combina un corte relajado y atl\u00e9tico con una est\u00e9tica deportiva, ideal para los momentos de relax fuera del terreno de juego. Confeccionados con una suave mezcla de poli\u00e9ster reciclado y algod\u00f3n org\u00e1nico y con una superficie interior cepillada, estos pantalones cortos tienen un tacto suave y ofrecen una gran comodidad, lo que contribuye a reforzar el esp\u00edritu de equipo. Gracias a su dise\u00f1o limpio, estos pantalones cortos ofrecen un amplio espacio para el escudo y los logotipos de los patrocinadores.<\/p>\n<p>\u2022 Tejido suave confeccionado con poli\u00e9ster reciclado y algod\u00f3n org\u00e1nico<\/p>\n<p>\u2022 Interior cepillado<\/p>\n<p>\u2022 Cord\u00f3n en la cintura<\/p>\n<p>\u2022 Dos bolsillos laterales<\/p>\n<p>\u2022 Dise\u00f1o limpio para escudos y logotipos<\/p>\n<p>\u2022 Regular fit<\/p>\n<p><strong>Composici\u00f3n:<\/strong> Solid colors: 60% Cotton-Organic 40% Polyester-Recycled<br \/>\nMelange colors: 63% Cotton-Organic 31% Polyester-Recycled 6% Viscose | <strong>Peso:<\/strong> 280g\/m2 | <strong>Tallas:<\/strong> XS-3XL<\/p>","protected":false},"excerpt":{"rendered":"<p>El pantal\u00f3n corto Community 2.0 Short combina un corte relajado y atl\u00e9tico con una est\u00e9tica deportiva, ideal para los momentos de relax fuera del terreno de juego. Confeccionados con una suave mezcla de poli\u00e9ster reciclado y algod\u00f3n org\u00e1nico y con un<\/p>","protected":false},"featured_media":235382,"comment_status":"open","ping_status":"closed","template":"","meta":{"_acf_changed":false},"product_brand":[10489],"product_cat":[13983],"product_tag":[],"class_list":{"0":"post-227815","1":"product","2":"type-product","3":"status-publish","4":"has-post-thumbnail","6":"product_brand-craft","7":"product_cat-h-pantalones","8":"tm-no-options","10":"first","11":"instock","12":"taxable","13":"shipping-taxable","14":"product-type-variable"},"acf":[],"_links":{"self":[{"href":"https:\/\/grupotextil.es\/en\/wp-json\/wp\/v2\/product\/227815","targetHints":{"allow":["GET"]}}],"collection":[{"href":"https:\/\/grupotextil.es\/en\/wp-json\/wp\/v2\/product"}],"about":[{"href":"https:\/\/grupotextil.es\/en\/wp-json\/wp\/v2\/types\/product"}],"replies":[{"embeddable":true,"href":"https:\/\/grupotextil.es\/en\/wp-json\/wp\/v2\/comments?post=227815"}],"wp:featuredmedia":[{"embeddable":true,"href":"https:\/\/grupotextil.es\/en\/wp-json\/wp\/v2\/media\/235382"}],"wp:attachment":[{"href":"https:\/\/grupotextil.es\/en\/wp-json\/wp\/v2\/media?parent=227815"}],"wp:term":[{"taxonomy":"product_brand","embeddable":true,"href":"https:\/\/grupotextil.es\/en\/wp-json\/wp\/v2\/product_brand?post=227815"},{"taxonomy":"product_cat","embeddable":true,"href":"https:\/\/grupotextil.es\/en\/wp-json\/wp\/v2\/product_cat?post=227815"},{"taxonomy":"product_tag","embeddable":true,"href":"https:\/\/grupotextil.es\/en\/wp-json\/wp\/v2\/product_tag?post=227815"}],"curies":[{"name":"wp","href":"https:\/\/api.w.org\/{rel}","templated":true}]}}