{"id":227852,"date":"2026-03-04T06:38:56","date_gmt":"2026-03-04T05:38:56","guid":{"rendered":"https:\/\/grupotextil.es\/producto\/6513-pantalon-cordura-hv-clase-2-1\/"},"modified":"2026-04-19T04:06:46","modified_gmt":"2026-04-19T02:06:46","slug":"6513-pantalon-cordura-hv-clase-2-1","status":"publish","type":"product","link":"https:\/\/grupotextil.es\/en\/product\/6513-pantalon-cordura-hv-clase-2-1\/","title":{"rendered":"6513 PANTAL\u00d3N CORDURA HV CLASE 2\/1"},"content":{"rendered":"<p>Pantal\u00f3n con Cordura\u00aestretch en la entrepierna, en la parte posterior de las rodillas y bajo la cintura en la parte trasera para proporcionar mayor libertad de movimiento y comodidad. Doble tejido sobre los muslos para mayor durabilidad. Bolsillos en las piernas, en el lado izquierdo bolsillo con solapa y cierre de velcro, bolsillo interior para m\u00f3vil y gancho para tarjeta de identificaci\u00f3n. En el lado derecho bolsillo para cinta m\u00e9trica y bolsillo con bot\u00f3n para herramientas. Bolsillos traseros con anchura extra. Bolsillos desmontables para fundas sujetos con ra\u00edles ocultos inventados por ProJob. Dos trabillas ajustables para martillo, una a cada lado. D-Ring en cintura. Rodillas precurvadas para mayor comodidad. Bolsillos internos para protectores de rodillas, ajustables a dos niveles de altura. Los bolsillos y las rodillas est\u00e1n reforzados con Cordura\u00ae para una mayor durabilidad.<\/p>\n<p><strong>Composici\u00f3n:<\/strong> 75% poli\u00e9ster, 25% algod\u00f3n, 260 g\/m2. Tejido 2: 100% poliamida, 320 g\/m2 | <strong>Peso:<\/strong> 260 g\/m\u00b2 | <strong>Tallas:<\/strong> C44-D120<\/p>","protected":false},"excerpt":{"rendered":"<p>Pantal\u00f3n con Cordura\u00aestretch en la entrepierna, en la parte posterior de las rodillas y bajo la cintura en la parte trasera para proporcionar mayor libertad de movimiento y comodidad. Doble tejido sobre los muslos para mayor durabilidad. Bolsillos en<\/p>","protected":false},"featured_media":235400,"comment_status":"open","ping_status":"closed","template":"","meta":{"_acf_changed":false},"product_brand":[10531],"product_cat":[13983],"product_tag":[],"class_list":{"0":"post-227852","1":"product","2":"type-product","3":"status-publish","4":"has-post-thumbnail","6":"product_brand-projob","7":"product_cat-h-pantalones","8":"tm-no-options","10":"first","11":"instock","12":"taxable","13":"shipping-taxable","14":"product-type-variable"},"acf":[],"_links":{"self":[{"href":"https:\/\/grupotextil.es\/en\/wp-json\/wp\/v2\/product\/227852","targetHints":{"allow":["GET"]}}],"collection":[{"href":"https:\/\/grupotextil.es\/en\/wp-json\/wp\/v2\/product"}],"about":[{"href":"https:\/\/grupotextil.es\/en\/wp-json\/wp\/v2\/types\/product"}],"replies":[{"embeddable":true,"href":"https:\/\/grupotextil.es\/en\/wp-json\/wp\/v2\/comments?post=227852"}],"wp:featuredmedia":[{"embeddable":true,"href":"https:\/\/grupotextil.es\/en\/wp-json\/wp\/v2\/media\/235400"}],"wp:attachment":[{"href":"https:\/\/grupotextil.es\/en\/wp-json\/wp\/v2\/media?parent=227852"}],"wp:term":[{"taxonomy":"product_brand","embeddable":true,"href":"https:\/\/grupotextil.es\/en\/wp-json\/wp\/v2\/product_brand?post=227852"},{"taxonomy":"product_cat","embeddable":true,"href":"https:\/\/grupotextil.es\/en\/wp-json\/wp\/v2\/product_cat?post=227852"},{"taxonomy":"product_tag","embeddable":true,"href":"https:\/\/grupotextil.es\/en\/wp-json\/wp\/v2\/product_tag?post=227852"}],"curies":[{"name":"wp","href":"https:\/\/api.w.org\/{rel}","templated":true}]}}