{"id":228052,"date":"2026-03-04T06:40:50","date_gmt":"2026-03-04T05:40:50","guid":{"rendered":"https:\/\/grupotextil.es\/producto\/adv-explore-power-fleece-vest-w\/"},"modified":"2026-04-19T04:06:48","modified_gmt":"2026-04-19T02:06:48","slug":"adv-explore-power-fleece-vest-w","status":"publish","type":"product","link":"https:\/\/grupotextil.es\/en\/product\/adv-explore-power-fleece-vest-w\/","title":{"rendered":"ADV Explore Power Fleece Vest W"},"content":{"rendered":"<p>El ADV Explore Power Fleece Vest es un chaleco polar el\u00e1stico y muy funcional que constituye un complemento vers\u00e1til y esencial en el armario de cualquier entusiasta de las actividades al aire libre.<\/p>\n<p>Este avanzado chaleco est\u00e1 fabricado con un material polar el\u00e1stico con excepcionales propiedades de retenci\u00f3n del calor y transpirabilidad. El material de forro polar atrapa el calor cerca del cuerpo al tiempo que permite la eliminaci\u00f3n de la humedad y el sudor, garantizando que te mantengas caliente, seco y c\u00f3modo durante las actividades al aire libre en condiciones de fr\u00edo. Adem\u00e1s, el material el\u00e1stico proporciona una excelente libertad de movimientos. Tanto si practica senderismo, esqu\u00ed o cualquier actividad al aire libre, el chaleco se mueve con usted, y garantiza que pueda doblarse, girar y estirarse f\u00e1cilmente sin ninguna restricci\u00f3n. El chaleco tambi\u00e9n cuenta con dos bolsillos con cremallera que proporcionan una manera pr\u00e1ctico de almacenar para objetos esenciales como llaves, tel\u00e9fono y aperitivos. Una elecci\u00f3n perfecta para una amplia gama de actividades, desde el senderismo y el esqu\u00ed hasta el uso diario durante las estaciones fr\u00edas, el chaleco se puede llevar como capa intermedia y como capa exterior.<\/p>\n<p>\u2022 Tejido polar supersuave y el\u00e1stico con interior cepillado (245 g\/m\u00b2)<\/p>\n<p>\u2022 Dos bolsillos laterales con cremallera y bolsa de malla<\/p>\n<p>\u2022 Tight fit<\/p>\n<p><strong>Composici\u00f3n:<\/strong> 94% Polyester-Recycled 6% Elastane | <strong>Tallas:<\/strong> XS-XXL<\/p>","protected":false},"excerpt":{"rendered":"<p>El ADV Explore Power Fleece Vest es un chaleco polar el\u00e1stico y muy funcional que constituye un complemento vers\u00e1til y esencial en el armario de cualquier entusiasta de las actividades al aire libre.<\/p>","protected":false},"featured_media":235515,"comment_status":"open","ping_status":"closed","template":"","meta":{"_acf_changed":false},"product_brand":[10489],"product_cat":[13977,13986,13981,13990,13974,13932,13930,13975,13935,13973],"product_tag":[],"class_list":{"0":"post-228052","1":"product","2":"type-product","3":"status-publish","4":"has-post-thumbnail","6":"product_brand-craft","7":"product_cat-h-camisetas-manga-corta","8":"product_cat-m-camisetas-manga-corta","9":"product_cat-h-chaquetas-y-abrigos","10":"product_cat-m-chaquetas-y-abrigos","11":"product_cat-ropa-hombre","12":"product_cat-hosteleria-horeca","13":"product_cat-laboral","14":"product_cat-ropa-mujer","15":"product_cat-pantalones-cocina","16":"product_cat-ropa","17":"tm-no-options","19":"first","20":"instock","21":"taxable","22":"shipping-taxable","23":"product-type-variable"},"acf":[],"_links":{"self":[{"href":"https:\/\/grupotextil.es\/en\/wp-json\/wp\/v2\/product\/228052","targetHints":{"allow":["GET"]}}],"collection":[{"href":"https:\/\/grupotextil.es\/en\/wp-json\/wp\/v2\/product"}],"about":[{"href":"https:\/\/grupotextil.es\/en\/wp-json\/wp\/v2\/types\/product"}],"replies":[{"embeddable":true,"href":"https:\/\/grupotextil.es\/en\/wp-json\/wp\/v2\/comments?post=228052"}],"wp:featuredmedia":[{"embeddable":true,"href":"https:\/\/grupotextil.es\/en\/wp-json\/wp\/v2\/media\/235515"}],"wp:attachment":[{"href":"https:\/\/grupotextil.es\/en\/wp-json\/wp\/v2\/media?parent=228052"}],"wp:term":[{"taxonomy":"product_brand","embeddable":true,"href":"https:\/\/grupotextil.es\/en\/wp-json\/wp\/v2\/product_brand?post=228052"},{"taxonomy":"product_cat","embeddable":true,"href":"https:\/\/grupotextil.es\/en\/wp-json\/wp\/v2\/product_cat?post=228052"},{"taxonomy":"product_tag","embeddable":true,"href":"https:\/\/grupotextil.es\/en\/wp-json\/wp\/v2\/product_tag?post=228052"}],"curies":[{"name":"wp","href":"https:\/\/api.w.org\/{rel}","templated":true}]}}