{"id":228086,"date":"2026-03-04T06:41:11","date_gmt":"2026-03-04T05:41:11","guid":{"rendered":"https:\/\/grupotextil.es\/producto\/6580-shorts-en-iso-20471-clase-1\/"},"modified":"2026-04-19T04:06:48","modified_gmt":"2026-04-19T02:06:48","slug":"6580-shorts-en-iso-20471-clase-1","status":"publish","type":"product","link":"https:\/\/grupotextil.es\/en\/product\/6580-shorts-en-iso-20471-clase-1\/","title":{"rendered":"6580 SHORTS EN ISO 20471 CLASE 1"},"content":{"rendered":"<p>Pantal\u00f3n corto el\u00e1stico para una m\u00e1xima libertad de movimientos. Corte moderno. El\u00e1stico en 4 direcciones en los muslos y la espalda. Los laterales de la parte superior no son el\u00e1sticos para dar estabilidad al pantal\u00f3n. Bolsillos tipo funda con compartimentos adicionales y refuerzo interno de Cordura\u00ae. Si se desea, se pueden quitar los bolsillos tipo funda descosiendo la costura de contraste de la parte trasera. Amplios bolsillos en ambos lados de la pierna. Bolsillo en la pierna izquierda para herramientas y bol\u00edgrafos, bolsillo para m\u00f3vil con cierre magn\u00e9tico y gancho para sujetar la tarjeta de identificaci\u00f3n. En el lado derecho bolsillo para cinta m\u00e9trica y bolsillo con bot\u00f3n para herramientas. Posibilidad de a\u00f1adir equipo complementario mediante velcro. Los bolsillos de la funda y los muslos est\u00e1n reforzados en Cordura\u00ae para una mayor durabilidad. Reflectantes en 3M.<\/p>\n<p><strong>Composici\u00f3n:<\/strong> Tejido 1: 92% Nylon, 8% Spandex &#8211; 250 gsm Tejido 2: 100% Cordura Tejido 3: 100% Poli\u00e9ster Tejido 4: 80% Poli\u00e9ster, 20% Algod\u00f3n | <strong>Peso:<\/strong> 250 g\/m\u00b2 | <strong>Tallas:<\/strong> C44-C62<\/p>","protected":false},"excerpt":{"rendered":"<p>Pantal\u00f3n corto el\u00e1stico para una m\u00e1xima libertad de movimientos. Corte moderno. El\u00e1stico en 4 direcciones en los muslos y la espalda. Los laterales de la parte superior no son el\u00e1sticos para dar estabilidad al pantal\u00f3n. Bolsillos tipo funda con compa<\/p>","protected":false},"featured_media":235534,"comment_status":"open","ping_status":"closed","template":"","meta":{"_acf_changed":false},"product_brand":[10531],"product_cat":[13983],"product_tag":[],"class_list":{"0":"post-228086","1":"product","2":"type-product","3":"status-publish","4":"has-post-thumbnail","6":"product_brand-projob","7":"product_cat-h-pantalones","8":"tm-no-options","10":"first","11":"instock","12":"taxable","13":"shipping-taxable","14":"product-type-variable"},"acf":[],"_links":{"self":[{"href":"https:\/\/grupotextil.es\/en\/wp-json\/wp\/v2\/product\/228086","targetHints":{"allow":["GET"]}}],"collection":[{"href":"https:\/\/grupotextil.es\/en\/wp-json\/wp\/v2\/product"}],"about":[{"href":"https:\/\/grupotextil.es\/en\/wp-json\/wp\/v2\/types\/product"}],"replies":[{"embeddable":true,"href":"https:\/\/grupotextil.es\/en\/wp-json\/wp\/v2\/comments?post=228086"}],"wp:featuredmedia":[{"embeddable":true,"href":"https:\/\/grupotextil.es\/en\/wp-json\/wp\/v2\/media\/235534"}],"wp:attachment":[{"href":"https:\/\/grupotextil.es\/en\/wp-json\/wp\/v2\/media?parent=228086"}],"wp:term":[{"taxonomy":"product_brand","embeddable":true,"href":"https:\/\/grupotextil.es\/en\/wp-json\/wp\/v2\/product_brand?post=228086"},{"taxonomy":"product_cat","embeddable":true,"href":"https:\/\/grupotextil.es\/en\/wp-json\/wp\/v2\/product_cat?post=228086"},{"taxonomy":"product_tag","embeddable":true,"href":"https:\/\/grupotextil.es\/en\/wp-json\/wp\/v2\/product_tag?post=228086"}],"curies":[{"name":"wp","href":"https:\/\/api.w.org\/{rel}","templated":true}]}}