{"id":228137,"date":"2026-03-04T06:41:43","date_gmt":"2026-03-04T05:41:43","guid":{"rendered":"https:\/\/grupotextil.es\/producto\/smash-lady\/"},"modified":"2026-04-19T04:06:48","modified_gmt":"2026-04-19T02:06:48","slug":"smash-lady","status":"publish","type":"product","link":"https:\/\/grupotextil.es\/en\/product\/smash-lady\/","title":{"rendered":"Smash Lady"},"content":{"rendered":"<p>Polo piqu\u00e9 t\u00e9cnico con 4 botones a tono 100% poli\u00e9ster. La prenda es Spun Dyed, te\u00f1ida con un m\u00e9todo que reduce el consumo de agua y ofrece una mejor solidez del color. Certificado Oeko-Tex 100.<\/p>\n<p><strong>Composici\u00f3n:<\/strong> 100% Poli\u00e9ster, 180 g\/m\u00b2 | <strong>Tallas:<\/strong> XS-3XL<\/p>","protected":false},"excerpt":{"rendered":"<p>Polo piqu\u00e9 t\u00e9cnico con 4 botones a tono 100% poli\u00e9ster. La prenda es Spun Dyed, te\u00f1ida con un m\u00e9todo que reduce el consumo de agua y ofrece una mejor solidez del color. Certificado Oeko-Tex 100.<\/p>","protected":false},"featured_media":235564,"comment_status":"open","ping_status":"closed","template":"","meta":{"_acf_changed":false},"product_brand":[10529],"product_cat":[13979],"product_tag":[],"class_list":{"0":"post-228137","1":"product","2":"type-product","3":"status-publish","4":"has-post-thumbnail","6":"product_brand-printer-red","7":"product_cat-h-polos","8":"tm-no-options","10":"first","11":"instock","12":"taxable","13":"shipping-taxable","14":"product-type-variable"},"acf":[],"_links":{"self":[{"href":"https:\/\/grupotextil.es\/en\/wp-json\/wp\/v2\/product\/228137","targetHints":{"allow":["GET"]}}],"collection":[{"href":"https:\/\/grupotextil.es\/en\/wp-json\/wp\/v2\/product"}],"about":[{"href":"https:\/\/grupotextil.es\/en\/wp-json\/wp\/v2\/types\/product"}],"replies":[{"embeddable":true,"href":"https:\/\/grupotextil.es\/en\/wp-json\/wp\/v2\/comments?post=228137"}],"wp:featuredmedia":[{"embeddable":true,"href":"https:\/\/grupotextil.es\/en\/wp-json\/wp\/v2\/media\/235564"}],"wp:attachment":[{"href":"https:\/\/grupotextil.es\/en\/wp-json\/wp\/v2\/media?parent=228137"}],"wp:term":[{"taxonomy":"product_brand","embeddable":true,"href":"https:\/\/grupotextil.es\/en\/wp-json\/wp\/v2\/product_brand?post=228137"},{"taxonomy":"product_cat","embeddable":true,"href":"https:\/\/grupotextil.es\/en\/wp-json\/wp\/v2\/product_cat?post=228137"},{"taxonomy":"product_tag","embeddable":true,"href":"https:\/\/grupotextil.es\/en\/wp-json\/wp\/v2\/product_tag?post=228137"}],"curies":[{"name":"wp","href":"https:\/\/api.w.org\/{rel}","templated":true}]}}