{"id":228146,"date":"2026-03-04T06:41:49","date_gmt":"2026-03-04T05:41:49","guid":{"rendered":"https:\/\/grupotextil.es\/producto\/gb01-twill-relaxed-woman\/"},"modified":"2026-04-19T04:06:48","modified_gmt":"2026-04-19T02:06:48","slug":"gb01-twill-relaxed-woman","status":"publish","type":"product","link":"https:\/\/grupotextil.es\/en\/product\/gb01-twill-relaxed-woman\/","title":{"rendered":"GB01 Twill Relaxed Woman"},"content":{"rendered":"<p>Por fin hemos a\u00f1adido un nuevo corte femenino a nuestra l\u00ednea de camisas. El corte es como su descripci\u00f3n, relajado pero femenino. El pliegue de la parte trasera le da a la camisa el volumen extra que buscas. Puede llevarla por dentro o por fuera como una camisa moderna y c\u00f3moda.<\/p>\n<p><strong>Composici\u00f3n:<\/strong> Colores lisos. 100% Algod\u00f3n compacto de 2 capas de fibras largas, 124 g\/m\u00b2, tratamiento medioambiental patentado Non-Iron. Costuras principales selladas. Botones de 4 mm de grosor. Manga larga. Pu\u00f1o de \u00e1ngulo simple, con ojal adicional para gemelos. | <strong>Peso:<\/strong> 124 g\/m\u00b2 | <strong>Tallas:<\/strong> XS-4XL<\/p>","protected":false},"excerpt":{"rendered":"<p>Por fin hemos a\u00f1adido un nuevo corte femenino a nuestra l\u00ednea de camisas. El corte es como su descripci\u00f3n, relajado pero femenino. El pliegue de la parte trasera le da a la camisa el volumen extra que buscas. Puede llevarla por dentro o por fuera com<\/p>","protected":false},"featured_media":235567,"comment_status":"open","ping_status":"closed","template":"","meta":{"_acf_changed":false},"product_brand":[10563],"product_cat":[13995],"product_tag":[],"class_list":{"0":"post-228146","1":"product","2":"type-product","3":"status-publish","4":"has-post-thumbnail","6":"product_brand-j-harvest-frost","7":"product_cat-n-camisetas","8":"tm-no-options","10":"first","11":"instock","12":"taxable","13":"shipping-taxable","14":"product-type-variable"},"acf":[],"_links":{"self":[{"href":"https:\/\/grupotextil.es\/en\/wp-json\/wp\/v2\/product\/228146","targetHints":{"allow":["GET"]}}],"collection":[{"href":"https:\/\/grupotextil.es\/en\/wp-json\/wp\/v2\/product"}],"about":[{"href":"https:\/\/grupotextil.es\/en\/wp-json\/wp\/v2\/types\/product"}],"replies":[{"embeddable":true,"href":"https:\/\/grupotextil.es\/en\/wp-json\/wp\/v2\/comments?post=228146"}],"wp:featuredmedia":[{"embeddable":true,"href":"https:\/\/grupotextil.es\/en\/wp-json\/wp\/v2\/media\/235567"}],"wp:attachment":[{"href":"https:\/\/grupotextil.es\/en\/wp-json\/wp\/v2\/media?parent=228146"}],"wp:term":[{"taxonomy":"product_brand","embeddable":true,"href":"https:\/\/grupotextil.es\/en\/wp-json\/wp\/v2\/product_brand?post=228146"},{"taxonomy":"product_cat","embeddable":true,"href":"https:\/\/grupotextil.es\/en\/wp-json\/wp\/v2\/product_cat?post=228146"},{"taxonomy":"product_tag","embeddable":true,"href":"https:\/\/grupotextil.es\/en\/wp-json\/wp\/v2\/product_tag?post=228146"}],"curies":[{"name":"wp","href":"https:\/\/api.w.org\/{rel}","templated":true}]}}