{"id":228156,"date":"2026-03-04T06:41:55","date_gmt":"2026-03-04T05:41:55","guid":{"rendered":"https:\/\/grupotextil.es\/producto\/3108-termica\/"},"modified":"2026-04-19T04:06:48","modified_gmt":"2026-04-19T02:06:48","slug":"3108-termica","status":"publish","type":"product","link":"https:\/\/grupotextil.es\/en\/product\/3108-termica\/","title":{"rendered":"3108 T\u00c9RMICA"},"content":{"rendered":"<p>T\u00e9rmica con cuello redondo en lana Merino que mantiene el cuerpo c\u00e1lido y seco en condiciones clim\u00e1ticas fr\u00edas. Tejido suave y el\u00e1stico para una mayor libertad de movimientos. Espalda alargada. Pu\u00f1os en mangas.<\/p>\n<p><strong>Composici\u00f3n:<\/strong> Tejido 1: 100% Lana Merino, Tejido 2: 94% Poli\u00e9ster, 6% Poliamida | <strong>Peso:<\/strong> 200 g\/m2 | <strong>Tallas:<\/strong> XS-4XL<\/p>","protected":false},"excerpt":{"rendered":"<p>T\u00e9rmica con cuello redondo en lana Merino que mantiene el cuerpo c\u00e1lido y seco en condiciones clim\u00e1ticas fr\u00edas. Tejido suave y el\u00e1stico para una mayor libertad de movimientos. Espalda alargada. Pu\u00f1os en mangas.<\/p>","protected":false},"featured_media":235571,"comment_status":"open","ping_status":"closed","template":"","meta":{"_acf_changed":false},"product_brand":[10531],"product_cat":[13983],"product_tag":[],"class_list":{"0":"post-228156","1":"product","2":"type-product","3":"status-publish","4":"has-post-thumbnail","6":"product_brand-projob","7":"product_cat-h-pantalones","8":"tm-no-options","10":"first","11":"instock","12":"taxable","13":"shipping-taxable","14":"product-type-variable"},"acf":[],"_links":{"self":[{"href":"https:\/\/grupotextil.es\/en\/wp-json\/wp\/v2\/product\/228156","targetHints":{"allow":["GET"]}}],"collection":[{"href":"https:\/\/grupotextil.es\/en\/wp-json\/wp\/v2\/product"}],"about":[{"href":"https:\/\/grupotextil.es\/en\/wp-json\/wp\/v2\/types\/product"}],"replies":[{"embeddable":true,"href":"https:\/\/grupotextil.es\/en\/wp-json\/wp\/v2\/comments?post=228156"}],"wp:featuredmedia":[{"embeddable":true,"href":"https:\/\/grupotextil.es\/en\/wp-json\/wp\/v2\/media\/235571"}],"wp:attachment":[{"href":"https:\/\/grupotextil.es\/en\/wp-json\/wp\/v2\/media?parent=228156"}],"wp:term":[{"taxonomy":"product_brand","embeddable":true,"href":"https:\/\/grupotextil.es\/en\/wp-json\/wp\/v2\/product_brand?post=228156"},{"taxonomy":"product_cat","embeddable":true,"href":"https:\/\/grupotextil.es\/en\/wp-json\/wp\/v2\/product_cat?post=228156"},{"taxonomy":"product_tag","embeddable":true,"href":"https:\/\/grupotextil.es\/en\/wp-json\/wp\/v2\/product_tag?post=228156"}],"curies":[{"name":"wp","href":"https:\/\/api.w.org\/{rel}","templated":true}]}}