{"id":228190,"date":"2026-03-04T06:42:16","date_gmt":"2026-03-04T05:42:16","guid":{"rendered":"https:\/\/grupotextil.es\/producto\/laptop-bag\/"},"modified":"2026-04-19T04:06:48","modified_gmt":"2026-04-19T02:06:48","slug":"laptop-bag","status":"publish","type":"product","link":"https:\/\/grupotextil.es\/en\/product\/laptop-bag\/","title":{"rendered":"Laptop Bag"},"content":{"rendered":"<p>Bolsa cl\u00e1sica para ordenador port\u00e1til de 15&#8243;o tablet, con gran espacio para papeles, carpetas u otras cosas que necesitas llevar. Bolsillo frontal y cremalleras TPU con tiradores reflectantes. Dimensiones y volumen: 42x33x9cm \u2248 12,5 l<\/p>\n<p><strong>Composici\u00f3n:<\/strong> Exterior: 300D poli\u00e9ster, Forro: 210D poli\u00e9ster PU, Fondo: 1680D poli\u00e9ster. | <strong>Tallas:<\/strong> UD<\/p>","protected":false},"excerpt":{"rendered":"<p>Bolsa cl\u00e1sica para ordenador port\u00e1til de 15&#8243;o tablet, con gran espacio para papeles, carpetas u otras cosas que necesitas llevar. Bolsillo frontal y cremalleras TPU con tiradores reflectantes. Dimensiones y volumen: 42x33x9cm \u2248 12,5 l<\/p>","protected":false},"featured_media":235591,"comment_status":"open","ping_status":"closed","template":"","meta":{"_acf_changed":false},"product_brand":[10446],"product_cat":[15146],"product_tag":[],"class_list":{"0":"post-228190","1":"product","2":"type-product","3":"status-publish","4":"has-post-thumbnail","6":"product_brand-clique","7":"product_cat-bolsas","8":"tm-no-options","10":"first","11":"instock","12":"taxable","13":"shipping-taxable","14":"product-type-variable"},"acf":[],"_links":{"self":[{"href":"https:\/\/grupotextil.es\/en\/wp-json\/wp\/v2\/product\/228190","targetHints":{"allow":["GET"]}}],"collection":[{"href":"https:\/\/grupotextil.es\/en\/wp-json\/wp\/v2\/product"}],"about":[{"href":"https:\/\/grupotextil.es\/en\/wp-json\/wp\/v2\/types\/product"}],"replies":[{"embeddable":true,"href":"https:\/\/grupotextil.es\/en\/wp-json\/wp\/v2\/comments?post=228190"}],"wp:featuredmedia":[{"embeddable":true,"href":"https:\/\/grupotextil.es\/en\/wp-json\/wp\/v2\/media\/235591"}],"wp:attachment":[{"href":"https:\/\/grupotextil.es\/en\/wp-json\/wp\/v2\/media?parent=228190"}],"wp:term":[{"taxonomy":"product_brand","embeddable":true,"href":"https:\/\/grupotextil.es\/en\/wp-json\/wp\/v2\/product_brand?post=228190"},{"taxonomy":"product_cat","embeddable":true,"href":"https:\/\/grupotextil.es\/en\/wp-json\/wp\/v2\/product_cat?post=228190"},{"taxonomy":"product_tag","embeddable":true,"href":"https:\/\/grupotextil.es\/en\/wp-json\/wp\/v2\/product_tag?post=228190"}],"curies":[{"name":"wp","href":"https:\/\/api.w.org\/{rel}","templated":true}]}}