{"id":228290,"date":"2026-03-04T06:43:16","date_gmt":"2026-03-04T05:43:16","guid":{"rendered":"https:\/\/grupotextil.es\/producto\/brookings-modern\/"},"modified":"2026-04-26T04:05:41","modified_gmt":"2026-04-26T02:05:41","slug":"brookings-modern","status":"publish","type":"product","link":"https:\/\/grupotextil.es\/en\/product\/brookings-modern\/","title":{"rendered":"Brookings Modern"},"content":{"rendered":"<p>Polo funcional con mangas raglan, mezcla de algod\u00f3n reciclado y poli\u00e9ster-elastano para una mejor comodidad. Tres botones metalizados, aberturas laterales y canal\u00e9 1&#215;1 en mangas inferiores. Brookings est\u00e1 disponible en 3 versiones: el tradicional Regular, el m\u00e1s ajustado Modern y Woman para la mujer.<\/p>\n<p><strong>Composici\u00f3n:<\/strong> 52% algod\u00f3n, 45% poli\u00e9ster reciclado, 3% elastano, 190 g\/m\u00b2 | <strong>Peso:<\/strong> 190 g\/m\u00b2 | <strong>Tallas:<\/strong> S-XXL<\/p>","protected":false},"excerpt":{"rendered":"<p>Polo funcional con mangas raglan, mezcla de algod\u00f3n reciclado y poli\u00e9ster-elastano para una mejor comodidad. Tres botones metalizados, aberturas laterales y canal\u00e9 1&#215;1 en mangas inferiores. Brookings est\u00e1 disponible en 3 versiones: el tradicional Reg<\/p>","protected":false},"featured_media":235647,"comment_status":"open","ping_status":"closed","template":"","meta":{"_acf_changed":false},"product_brand":[10521],"product_cat":[13974,13975,13973],"product_tag":[],"class_list":{"0":"post-228290","1":"product","2":"type-product","3":"status-publish","4":"has-post-thumbnail","6":"product_brand-james-harvest","7":"product_cat-ropa-hombre","8":"product_cat-ropa-mujer","9":"product_cat-ropa","10":"tm-no-options","12":"first","13":"instock","14":"taxable","15":"shipping-taxable","16":"product-type-variable"},"acf":[],"_links":{"self":[{"href":"https:\/\/grupotextil.es\/en\/wp-json\/wp\/v2\/product\/228290","targetHints":{"allow":["GET"]}}],"collection":[{"href":"https:\/\/grupotextil.es\/en\/wp-json\/wp\/v2\/product"}],"about":[{"href":"https:\/\/grupotextil.es\/en\/wp-json\/wp\/v2\/types\/product"}],"replies":[{"embeddable":true,"href":"https:\/\/grupotextil.es\/en\/wp-json\/wp\/v2\/comments?post=228290"}],"wp:featuredmedia":[{"embeddable":true,"href":"https:\/\/grupotextil.es\/en\/wp-json\/wp\/v2\/media\/235647"}],"wp:attachment":[{"href":"https:\/\/grupotextil.es\/en\/wp-json\/wp\/v2\/media?parent=228290"}],"wp:term":[{"taxonomy":"product_brand","embeddable":true,"href":"https:\/\/grupotextil.es\/en\/wp-json\/wp\/v2\/product_brand?post=228290"},{"taxonomy":"product_cat","embeddable":true,"href":"https:\/\/grupotextil.es\/en\/wp-json\/wp\/v2\/product_cat?post=228290"},{"taxonomy":"product_tag","embeddable":true,"href":"https:\/\/grupotextil.es\/en\/wp-json\/wp\/v2\/product_tag?post=228290"}],"curies":[{"name":"wp","href":"https:\/\/api.w.org\/{rel}","templated":true}]}}