{"id":228334,"date":"2026-03-04T06:43:44","date_gmt":"2026-03-04T05:43:44","guid":{"rendered":"https:\/\/grupotextil.es\/producto\/adv-speed-glove\/"},"modified":"2026-04-19T04:06:49","modified_gmt":"2026-04-19T02:06:49","slug":"adv-speed-glove","status":"publish","type":"product","link":"https:\/\/grupotextil.es\/en\/product\/adv-speed-glove\/","title":{"rendered":"ADV Speed Glove"},"content":{"rendered":"<p>ADV Speed Glove es un guante t\u00e9cnicamente avanzado con parte superior cortaviento, ajuste ce\u00f1ido y gran agarre para el esqu\u00ed de fondo de alta intensidad.<\/p>\n<p>\u2022 Parte superior con protecci\u00f3n al viento<\/p>\n<p>\u2022 Pu\u00f1os el\u00e1sticos para un ajuste ce\u00f1ido<\/p>\n<p>\u2022 Forro polar afelpado en la parte superior del pulgar<\/p>\n<p>\u2022 Logo reflectante<\/p>\n<p><strong>Composici\u00f3n:<\/strong> Dorso: Cara 85% Poli\u00e9ster 15% Elastano; Medio: 100% Poliuretano; Trasera: 100% Poli\u00e9ster; Palma: 65% poliuretano 35% poli\u00e9ster; Interior: 95% caucho estireno butadieno 5% caucho cloropreno Forro: 100% poli\u00e9ster | <strong>Tallas:<\/strong> 6\/XXS-12\/XL<\/p>","protected":false},"excerpt":{"rendered":"<p>ADV Speed Glove es un guante t\u00e9cnicamente avanzado con parte superior cortaviento, ajuste ce\u00f1ido y gran agarre para el esqu\u00ed de fondo de alta intensidad.<\/p>","protected":false},"featured_media":235669,"comment_status":"open","ping_status":"closed","template":"","meta":{"_acf_changed":false},"product_brand":[10489],"product_cat":[15147],"product_tag":[],"class_list":{"0":"post-228334","1":"product","2":"type-product","3":"status-publish","4":"has-post-thumbnail","6":"product_brand-craft","7":"product_cat-new-wave","8":"tm-no-options","10":"first","11":"instock","12":"taxable","13":"shipping-taxable","14":"product-type-variable"},"acf":[],"_links":{"self":[{"href":"https:\/\/grupotextil.es\/en\/wp-json\/wp\/v2\/product\/228334","targetHints":{"allow":["GET"]}}],"collection":[{"href":"https:\/\/grupotextil.es\/en\/wp-json\/wp\/v2\/product"}],"about":[{"href":"https:\/\/grupotextil.es\/en\/wp-json\/wp\/v2\/types\/product"}],"replies":[{"embeddable":true,"href":"https:\/\/grupotextil.es\/en\/wp-json\/wp\/v2\/comments?post=228334"}],"wp:featuredmedia":[{"embeddable":true,"href":"https:\/\/grupotextil.es\/en\/wp-json\/wp\/v2\/media\/235669"}],"wp:attachment":[{"href":"https:\/\/grupotextil.es\/en\/wp-json\/wp\/v2\/media?parent=228334"}],"wp:term":[{"taxonomy":"product_brand","embeddable":true,"href":"https:\/\/grupotextil.es\/en\/wp-json\/wp\/v2\/product_brand?post=228334"},{"taxonomy":"product_cat","embeddable":true,"href":"https:\/\/grupotextil.es\/en\/wp-json\/wp\/v2\/product_cat?post=228334"},{"taxonomy":"product_tag","embeddable":true,"href":"https:\/\/grupotextil.es\/en\/wp-json\/wp\/v2\/product_tag?post=228334"}],"curies":[{"name":"wp","href":"https:\/\/api.w.org\/{rel}","templated":true}]}}