{"id":228344,"date":"2026-03-04T06:43:50","date_gmt":"2026-03-04T05:43:50","guid":{"rendered":"https:\/\/grupotextil.es\/producto\/essence-wool-hat\/"},"modified":"2026-04-19T04:06:49","modified_gmt":"2026-04-19T02:06:49","slug":"essence-wool-hat","status":"publish","type":"product","link":"https:\/\/grupotextil.es\/en\/product\/essence-wool-hat\/","title":{"rendered":"Essence Wool Hat"},"content":{"rendered":"<p>El gorro de lana Essence es un gorro fino de lana dise\u00f1ado para entrenamientos y uso diario durante la estaci\u00f3n fr\u00eda. Su tejido ligero y el\u00e1stico de lana merina garantiza una excelente calidez y un ajuste ce\u00f1ido.<\/p>\n<p>\u2022 Tejido fino y suave de lana merina (95\u00a0%) y elastano (5\u00a0%)<\/p>\n<p>\u2022 Tejido el\u00e1stico de una sola capa<\/p>\n<p><strong>Composici\u00f3n:<\/strong> 95% Lana merina, 5% Elastano | <strong>Tallas:<\/strong> S\/M-L\/XL<\/p>","protected":false},"excerpt":{"rendered":"<p>El gorro de lana Essence es un gorro fino de lana dise\u00f1ado para entrenamientos y uso diario durante la estaci\u00f3n fr\u00eda. Su tejido ligero y el\u00e1stico de lana merina garantiza una excelente calidez y un ajuste ce\u00f1ido.<\/p>","protected":false},"featured_media":235677,"comment_status":"open","ping_status":"closed","template":"","meta":{"_acf_changed":false},"product_brand":[10489],"product_cat":[15147],"product_tag":[],"class_list":{"0":"post-228344","1":"product","2":"type-product","3":"status-publish","4":"has-post-thumbnail","6":"product_brand-craft","7":"product_cat-new-wave","8":"tm-no-options","10":"first","11":"instock","12":"taxable","13":"shipping-taxable","14":"product-type-variable"},"acf":[],"_links":{"self":[{"href":"https:\/\/grupotextil.es\/en\/wp-json\/wp\/v2\/product\/228344","targetHints":{"allow":["GET"]}}],"collection":[{"href":"https:\/\/grupotextil.es\/en\/wp-json\/wp\/v2\/product"}],"about":[{"href":"https:\/\/grupotextil.es\/en\/wp-json\/wp\/v2\/types\/product"}],"replies":[{"embeddable":true,"href":"https:\/\/grupotextil.es\/en\/wp-json\/wp\/v2\/comments?post=228344"}],"wp:featuredmedia":[{"embeddable":true,"href":"https:\/\/grupotextil.es\/en\/wp-json\/wp\/v2\/media\/235677"}],"wp:attachment":[{"href":"https:\/\/grupotextil.es\/en\/wp-json\/wp\/v2\/media?parent=228344"}],"wp:term":[{"taxonomy":"product_brand","embeddable":true,"href":"https:\/\/grupotextil.es\/en\/wp-json\/wp\/v2\/product_brand?post=228344"},{"taxonomy":"product_cat","embeddable":true,"href":"https:\/\/grupotextil.es\/en\/wp-json\/wp\/v2\/product_cat?post=228344"},{"taxonomy":"product_tag","embeddable":true,"href":"https:\/\/grupotextil.es\/en\/wp-json\/wp\/v2\/product_tag?post=228344"}],"curies":[{"name":"wp","href":"https:\/\/api.w.org\/{rel}","templated":true}]}}