{"id":228386,"date":"2026-03-04T06:44:14","date_gmt":"2026-03-04T05:44:14","guid":{"rendered":"https:\/\/grupotextil.es\/producto\/colorado\/"},"modified":"2026-04-19T04:06:50","modified_gmt":"2026-04-19T02:06:50","slug":"colorado","status":"publish","type":"product","link":"https:\/\/grupotextil.es\/en\/product\/colorado\/","title":{"rendered":"Colorado"},"content":{"rendered":"<p>C\u00e1lida chaqueta acolchada. Cremallera Waterproof SBS en pecho y bols\u00edllos frontales. Capucha extra\u00edble y ajustable. 2 grandes bolsillos interiores con malla. Cord\u00f3n en cintura. Canal\u00e9 interior 2&#215;2 en pu\u00f1os. Cremallera para bordado.<\/p>\n<p><strong>Composici\u00f3n:<\/strong> 100% poli\u00e9ster; 50D rib-stop +TPU film ; Material en hombros: 100% poli\u00e9ster +TPU coating 50D*50D | <strong>Tallas:<\/strong> XS-3XL<\/p>","protected":false},"excerpt":{"rendered":"<p>C\u00e1lida chaqueta acolchada. Cremallera Waterproof SBS en pecho y bols\u00edllos frontales. Capucha extra\u00edble y ajustable. 2 grandes bolsillos interiores con malla. Cord\u00f3n en cintura. Canal\u00e9 interior 2&#215;2 en pu\u00f1os. Cremallera para bordado.<\/p>","protected":false},"featured_media":235700,"comment_status":"open","ping_status":"closed","template":"","meta":{"_acf_changed":false},"product_brand":[10446],"product_cat":[13998],"product_tag":[],"class_list":{"0":"post-228386","1":"product","2":"type-product","3":"status-publish","4":"has-post-thumbnail","6":"product_brand-clique","7":"product_cat-n-chaquetas","8":"tm-no-options","10":"first","11":"instock","12":"taxable","13":"shipping-taxable","14":"product-type-variable"},"acf":[],"_links":{"self":[{"href":"https:\/\/grupotextil.es\/en\/wp-json\/wp\/v2\/product\/228386","targetHints":{"allow":["GET"]}}],"collection":[{"href":"https:\/\/grupotextil.es\/en\/wp-json\/wp\/v2\/product"}],"about":[{"href":"https:\/\/grupotextil.es\/en\/wp-json\/wp\/v2\/types\/product"}],"replies":[{"embeddable":true,"href":"https:\/\/grupotextil.es\/en\/wp-json\/wp\/v2\/comments?post=228386"}],"wp:featuredmedia":[{"embeddable":true,"href":"https:\/\/grupotextil.es\/en\/wp-json\/wp\/v2\/media\/235700"}],"wp:attachment":[{"href":"https:\/\/grupotextil.es\/en\/wp-json\/wp\/v2\/media?parent=228386"}],"wp:term":[{"taxonomy":"product_brand","embeddable":true,"href":"https:\/\/grupotextil.es\/en\/wp-json\/wp\/v2\/product_brand?post=228386"},{"taxonomy":"product_cat","embeddable":true,"href":"https:\/\/grupotextil.es\/en\/wp-json\/wp\/v2\/product_cat?post=228386"},{"taxonomy":"product_tag","embeddable":true,"href":"https:\/\/grupotextil.es\/en\/wp-json\/wp\/v2\/product_tag?post=228386"}],"curies":[{"name":"wp","href":"https:\/\/api.w.org\/{rel}","templated":true}]}}