{"id":228406,"date":"2026-03-04T06:44:26","date_gmt":"2026-03-04T05:44:26","guid":{"rendered":"https:\/\/grupotextil.es\/producto\/core-essence-hat\/"},"modified":"2026-04-19T04:06:50","modified_gmt":"2026-04-19T02:06:50","slug":"core-essence-hat","status":"publish","type":"product","link":"https:\/\/grupotextil.es\/en\/product\/core-essence-hat\/","title":{"rendered":"CORE Essence Hat"},"content":{"rendered":"<p>El gorro t\u00e9rmico Core Essence es un gorro de entrenamiento ligero y el\u00e1stico fabricado con tejido de punto reciclado y cepillado para ofrecer una calidez y un confort \u00f3ptimos. El tejido de poli\u00e9ster reciclado tambi\u00e9n ofrece excepcionales propiedades de evacuaci\u00f3n de la humedad para mantenerte seco y c\u00f3modo durante el ejercicio. Esta versi\u00f3n actualizada presenta un dise\u00f1o plegable que permite realizar ajustes r\u00e1pidos y sencillos en funci\u00f3n de los cambios de temperatura y las preferencias de estilo personales.<\/p>\n<p>\u2022 Punto suave, el\u00e1stico y cepillado de poli\u00e9ster reciclado<\/p>\n<p>\u2022 Logotipo reflectante en la parte delantera<\/p>\n<p>\u2022 Dise\u00f1o con borde plegado<\/p>\n<p><strong>Composici\u00f3n:<\/strong> 77% Poli\u00e9ster reciclado, 23% Elastano | <strong>Tallas:<\/strong> S\/M-L\/XL<\/p>","protected":false},"excerpt":{"rendered":"<p>El gorro t\u00e9rmico Core Essence es un gorro de entrenamiento ligero y el\u00e1stico fabricado con tejido de punto reciclado y cepillado para ofrecer una calidez y un confort \u00f3ptimos. El tejido de poli\u00e9ster reciclado tambi\u00e9n ofrece excepcionales propiedades<\/p>","protected":false},"featured_media":235713,"comment_status":"open","ping_status":"closed","template":"","meta":{"_acf_changed":false},"product_brand":[10489],"product_cat":[15147],"product_tag":[],"class_list":{"0":"post-228406","1":"product","2":"type-product","3":"status-publish","4":"has-post-thumbnail","6":"product_brand-craft","7":"product_cat-new-wave","8":"tm-no-options","10":"first","11":"instock","12":"taxable","13":"shipping-taxable","14":"product-type-variable"},"acf":[],"_links":{"self":[{"href":"https:\/\/grupotextil.es\/en\/wp-json\/wp\/v2\/product\/228406","targetHints":{"allow":["GET"]}}],"collection":[{"href":"https:\/\/grupotextil.es\/en\/wp-json\/wp\/v2\/product"}],"about":[{"href":"https:\/\/grupotextil.es\/en\/wp-json\/wp\/v2\/types\/product"}],"replies":[{"embeddable":true,"href":"https:\/\/grupotextil.es\/en\/wp-json\/wp\/v2\/comments?post=228406"}],"wp:featuredmedia":[{"embeddable":true,"href":"https:\/\/grupotextil.es\/en\/wp-json\/wp\/v2\/media\/235713"}],"wp:attachment":[{"href":"https:\/\/grupotextil.es\/en\/wp-json\/wp\/v2\/media?parent=228406"}],"wp:term":[{"taxonomy":"product_brand","embeddable":true,"href":"https:\/\/grupotextil.es\/en\/wp-json\/wp\/v2\/product_brand?post=228406"},{"taxonomy":"product_cat","embeddable":true,"href":"https:\/\/grupotextil.es\/en\/wp-json\/wp\/v2\/product_cat?post=228406"},{"taxonomy":"product_tag","embeddable":true,"href":"https:\/\/grupotextil.es\/en\/wp-json\/wp\/v2\/product_tag?post=228406"}],"curies":[{"name":"wp","href":"https:\/\/api.w.org\/{rel}","templated":true}]}}