{"id":228488,"date":"2026-03-04T06:45:30","date_gmt":"2026-03-04T05:45:30","guid":{"rendered":"https:\/\/grupotextil.es\/producto\/arden\/"},"modified":"2026-04-19T04:06:50","modified_gmt":"2026-04-19T02:06:50","slug":"arden","status":"publish","type":"product","link":"https:\/\/grupotextil.es\/en\/product\/arden\/","title":{"rendered":"Arden"},"content":{"rendered":"<p>Camiseta el\u00e1stica de mujer con amplio cuello de pico. Tejido de punto el\u00e1stico. Canal\u00e9 el\u00e1stico. Costuras laterales.<\/p>\n<p><strong>Composici\u00f3n:<\/strong> 95% Algod\u00f3n 5% Elastano | <strong>Peso:<\/strong> 170 g\/m2 | <strong>Tallas:<\/strong> S-XXL<\/p>","protected":false},"excerpt":{"rendered":"<p>Camiseta el\u00e1stica de mujer con amplio cuello de pico. Tejido de punto el\u00e1stico. Canal\u00e9 el\u00e1stico. Costuras laterales.<\/p>","protected":false},"featured_media":235748,"comment_status":"open","ping_status":"closed","template":"","meta":{"_acf_changed":false},"product_brand":[10446],"product_cat":[13995],"product_tag":[],"class_list":{"0":"post-228488","1":"product","2":"type-product","3":"status-publish","4":"has-post-thumbnail","6":"product_brand-clique","7":"product_cat-n-camisetas","8":"tm-no-options","10":"first","11":"instock","12":"taxable","13":"shipping-taxable","14":"product-type-variable"},"acf":[],"_links":{"self":[{"href":"https:\/\/grupotextil.es\/en\/wp-json\/wp\/v2\/product\/228488","targetHints":{"allow":["GET"]}}],"collection":[{"href":"https:\/\/grupotextil.es\/en\/wp-json\/wp\/v2\/product"}],"about":[{"href":"https:\/\/grupotextil.es\/en\/wp-json\/wp\/v2\/types\/product"}],"replies":[{"embeddable":true,"href":"https:\/\/grupotextil.es\/en\/wp-json\/wp\/v2\/comments?post=228488"}],"wp:featuredmedia":[{"embeddable":true,"href":"https:\/\/grupotextil.es\/en\/wp-json\/wp\/v2\/media\/235748"}],"wp:attachment":[{"href":"https:\/\/grupotextil.es\/en\/wp-json\/wp\/v2\/media?parent=228488"}],"wp:term":[{"taxonomy":"product_brand","embeddable":true,"href":"https:\/\/grupotextil.es\/en\/wp-json\/wp\/v2\/product_brand?post=228488"},{"taxonomy":"product_cat","embeddable":true,"href":"https:\/\/grupotextil.es\/en\/wp-json\/wp\/v2\/product_cat?post=228488"},{"taxonomy":"product_tag","embeddable":true,"href":"https:\/\/grupotextil.es\/en\/wp-json\/wp\/v2\/product_tag?post=228488"}],"curies":[{"name":"wp","href":"https:\/\/api.w.org\/{rel}","templated":true}]}}