{"id":228497,"date":"2026-03-04T06:45:37","date_gmt":"2026-03-04T05:45:37","guid":{"rendered":"https:\/\/grupotextil.es\/producto\/progress-indoor-3-pack-sock\/"},"modified":"2026-04-19T04:06:50","modified_gmt":"2026-04-19T02:06:50","slug":"progress-indoor-3-pack-sock","status":"publish","type":"product","link":"https:\/\/grupotextil.es\/en\/product\/progress-indoor-3-pack-sock\/","title":{"rendered":"Progress Indoor 3-Pack Sock"},"content":{"rendered":"<p>Calcet\u00edn tubular contempor\u00e1neo, pack de 3, fabricado con un tejido suave y funcional que ofrece transporte de la humedad y ventilaci\u00f3n. Este calcet\u00edn h\u00edbrido es una gran elecci\u00f3n para la mayor\u00eda de deportes, como balonmano, voleibol, tenis, etc.<\/p>\n<p><strong>Composici\u00f3n:<\/strong> 75 % poli\u00e9ster, 18 % algod\u00f3n, 7 % elastano | <strong>Tallas:<\/strong> 28\/30-46\/48<\/p>","protected":false},"excerpt":{"rendered":"<p>Calcet\u00edn tubular contempor\u00e1neo, pack de 3, fabricado con un tejido suave y funcional que ofrece transporte de la humedad y ventilaci\u00f3n. Este calcet\u00edn h\u00edbrido es una gran elecci\u00f3n para la mayor\u00eda de deportes, como balonmano, voleibol, tenis, etc.<\/p>","protected":false},"featured_media":235754,"comment_status":"open","ping_status":"closed","template":"","meta":{"_acf_changed":false},"product_brand":[10489],"product_cat":[13983],"product_tag":[],"class_list":{"0":"post-228497","1":"product","2":"type-product","3":"status-publish","4":"has-post-thumbnail","6":"product_brand-craft","7":"product_cat-h-pantalones","8":"tm-no-options","10":"first","11":"instock","12":"taxable","13":"shipping-taxable","14":"product-type-variable"},"acf":[],"_links":{"self":[{"href":"https:\/\/grupotextil.es\/en\/wp-json\/wp\/v2\/product\/228497","targetHints":{"allow":["GET"]}}],"collection":[{"href":"https:\/\/grupotextil.es\/en\/wp-json\/wp\/v2\/product"}],"about":[{"href":"https:\/\/grupotextil.es\/en\/wp-json\/wp\/v2\/types\/product"}],"replies":[{"embeddable":true,"href":"https:\/\/grupotextil.es\/en\/wp-json\/wp\/v2\/comments?post=228497"}],"wp:featuredmedia":[{"embeddable":true,"href":"https:\/\/grupotextil.es\/en\/wp-json\/wp\/v2\/media\/235754"}],"wp:attachment":[{"href":"https:\/\/grupotextil.es\/en\/wp-json\/wp\/v2\/media?parent=228497"}],"wp:term":[{"taxonomy":"product_brand","embeddable":true,"href":"https:\/\/grupotextil.es\/en\/wp-json\/wp\/v2\/product_brand?post=228497"},{"taxonomy":"product_cat","embeddable":true,"href":"https:\/\/grupotextil.es\/en\/wp-json\/wp\/v2\/product_cat?post=228497"},{"taxonomy":"product_tag","embeddable":true,"href":"https:\/\/grupotextil.es\/en\/wp-json\/wp\/v2\/product_tag?post=228497"}],"curies":[{"name":"wp","href":"https:\/\/api.w.org\/{rel}","templated":true}]}}