{"id":228543,"date":"2026-03-04T06:46:12","date_gmt":"2026-03-04T05:46:12","guid":{"rendered":"https:\/\/grupotextil.es\/producto\/6533-pantalon-hv-clase-1\/"},"modified":"2026-04-26T04:05:42","modified_gmt":"2026-04-26T02:05:42","slug":"6533-pantalon-hv-clase-1","status":"publish","type":"product","link":"https:\/\/grupotextil.es\/en\/product\/6533-pantalon-hv-clase-1\/","title":{"rendered":"6533 PANTAL\u00d3N HV CLASE 1"},"content":{"rendered":"<p>Pantal\u00f3n con amplios bolsillos laterales. Bolsillos en las piernas, en el lado izquierdo dos bolsillos con solapa y cierre de velcro, tambi\u00e9n con gancho para sujetar la tarjeta de identificaci\u00f3n. En el lado derecho bolsillo para cinta m\u00e9trica y herramientas. Bolsillos traseros con solapa y cierre de velcro. La talla C42-C64 puede ampliarse 5 cm.<\/p>\n<p><strong>Composici\u00f3n:<\/strong> 65% Poli\u00e9ster, 35% algod\u00f3n, 245 g\/m2 | <strong>Peso:<\/strong> 245 g\/m\u00b2 | <strong>Tallas:<\/strong> C42-C64<\/p>","protected":false},"excerpt":{"rendered":"<p>Pantal\u00f3n con amplios bolsillos laterales. Bolsillos en las piernas, en el lado izquierdo dos bolsillos con solapa y cierre de velcro, tambi\u00e9n con gancho para sujetar la tarjeta de identificaci\u00f3n. En el lado derecho bolsillo para cinta m\u00e9trica y herra<\/p>","protected":false},"featured_media":235775,"comment_status":"open","ping_status":"closed","template":"","meta":{"_acf_changed":false},"product_brand":[10531],"product_cat":[13983],"product_tag":[],"class_list":{"0":"post-228543","1":"product","2":"type-product","3":"status-publish","4":"has-post-thumbnail","6":"product_brand-projob","7":"product_cat-h-pantalones","8":"tm-no-options","10":"first","11":"instock","12":"taxable","13":"shipping-taxable","14":"product-type-variable"},"acf":[],"_links":{"self":[{"href":"https:\/\/grupotextil.es\/en\/wp-json\/wp\/v2\/product\/228543","targetHints":{"allow":["GET"]}}],"collection":[{"href":"https:\/\/grupotextil.es\/en\/wp-json\/wp\/v2\/product"}],"about":[{"href":"https:\/\/grupotextil.es\/en\/wp-json\/wp\/v2\/types\/product"}],"replies":[{"embeddable":true,"href":"https:\/\/grupotextil.es\/en\/wp-json\/wp\/v2\/comments?post=228543"}],"wp:featuredmedia":[{"embeddable":true,"href":"https:\/\/grupotextil.es\/en\/wp-json\/wp\/v2\/media\/235775"}],"wp:attachment":[{"href":"https:\/\/grupotextil.es\/en\/wp-json\/wp\/v2\/media?parent=228543"}],"wp:term":[{"taxonomy":"product_brand","embeddable":true,"href":"https:\/\/grupotextil.es\/en\/wp-json\/wp\/v2\/product_brand?post=228543"},{"taxonomy":"product_cat","embeddable":true,"href":"https:\/\/grupotextil.es\/en\/wp-json\/wp\/v2\/product_cat?post=228543"},{"taxonomy":"product_tag","embeddable":true,"href":"https:\/\/grupotextil.es\/en\/wp-json\/wp\/v2\/product_tag?post=228543"}],"curies":[{"name":"wp","href":"https:\/\/api.w.org\/{rel}","templated":true}]}}