{"id":228611,"date":"2026-03-04T06:47:05","date_gmt":"2026-03-04T05:47:05","guid":{"rendered":"https:\/\/grupotextil.es\/producto\/prime-hoodie\/"},"modified":"2026-04-19T04:06:51","modified_gmt":"2026-04-19T02:06:51","slug":"prime-hoodie","status":"publish","type":"product","link":"https:\/\/grupotextil.es\/en\/product\/prime-hoodie\/","title":{"rendered":"Prime Hoodie"},"content":{"rendered":"<p>Sudadera bicolor con capucha. Cinta a contraste en el cuello. Bolsillo tipo canguro en la parte delantera. Interior afelpado. Canal\u00e9 2&#215;2 en mangas y cintura. Etiqueta en cuello f\u00e1cil de quitar y etiqueta con talla por separado. Certificado Oeko-Tex 100. Este art\u00edculo se presenta en una bolsa de polietileno biodegradable y compostable.<\/p>\n<p><strong>Composici\u00f3n:<\/strong> 50% algod\u00f3n org\u00e1nico, 50% poli\u00e9ster reciclado, 280 g\/m\u00b2 | <strong>Peso:<\/strong> 280 g\/m\u00b2 | <strong>Tallas:<\/strong> XS-5XL<\/p>","protected":false},"excerpt":{"rendered":"<p>Sudadera bicolor con capucha. Cinta a contraste en el cuello. Bolsillo tipo canguro en la parte delantera. Interior afelpado. Canal\u00e9 2&#215;2 en mangas y cintura. Etiqueta en cuello f\u00e1cil de quitar y etiqueta con talla por separado. Certificado Oeko-Tex 1<\/p>","protected":false},"featured_media":235802,"comment_status":"open","ping_status":"closed","template":"","meta":{"_acf_changed":false},"product_brand":[10586],"product_cat":[13974,13975,13973],"product_tag":[],"class_list":{"0":"post-228611","1":"product","2":"type-product","3":"status-publish","4":"has-post-thumbnail","6":"product_brand-printer-prime","7":"product_cat-ropa-hombre","8":"product_cat-ropa-mujer","9":"product_cat-ropa","10":"tm-no-options","12":"first","13":"instock","14":"taxable","15":"shipping-taxable","16":"product-type-variable"},"acf":[],"_links":{"self":[{"href":"https:\/\/grupotextil.es\/en\/wp-json\/wp\/v2\/product\/228611","targetHints":{"allow":["GET"]}}],"collection":[{"href":"https:\/\/grupotextil.es\/en\/wp-json\/wp\/v2\/product"}],"about":[{"href":"https:\/\/grupotextil.es\/en\/wp-json\/wp\/v2\/types\/product"}],"replies":[{"embeddable":true,"href":"https:\/\/grupotextil.es\/en\/wp-json\/wp\/v2\/comments?post=228611"}],"wp:featuredmedia":[{"embeddable":true,"href":"https:\/\/grupotextil.es\/en\/wp-json\/wp\/v2\/media\/235802"}],"wp:attachment":[{"href":"https:\/\/grupotextil.es\/en\/wp-json\/wp\/v2\/media?parent=228611"}],"wp:term":[{"taxonomy":"product_brand","embeddable":true,"href":"https:\/\/grupotextil.es\/en\/wp-json\/wp\/v2\/product_brand?post=228611"},{"taxonomy":"product_cat","embeddable":true,"href":"https:\/\/grupotextil.es\/en\/wp-json\/wp\/v2\/product_cat?post=228611"},{"taxonomy":"product_tag","embeddable":true,"href":"https:\/\/grupotextil.es\/en\/wp-json\/wp\/v2\/product_tag?post=228611"}],"curies":[{"name":"wp","href":"https:\/\/api.w.org\/{rel}","templated":true}]}}