{"id":228624,"date":"2026-03-04T06:47:15","date_gmt":"2026-03-04T05:47:15","guid":{"rendered":"https:\/\/grupotextil.es\/producto\/rb120-twill-woman\/"},"modified":"2026-04-19T04:06:51","modified_gmt":"2026-04-19T02:06:51","slug":"rb120-twill-woman","status":"publish","type":"product","link":"https:\/\/grupotextil.es\/en\/product\/rb120-twill-woman\/","title":{"rendered":"RB120 Twill Woman"},"content":{"rendered":"<p>La camisa perfecta para cualquier ocasi\u00f3n. Con el caracter\u00edstico color \u00edndigo nuestro tejido de tela de sarga fina sin planchar nos recuerda una camisa tejana. Tiene un patr\u00f3n de contraste tono sobre tono en cuello y pu\u00f1os y detalles blancos en tapeta y botones. Una camisa cl\u00e1sica pero con detalles que le dan un aspecto moderno y sofisticado.<\/p>\n<p><strong>Composici\u00f3n:<\/strong> 100% algod\u00f3n de sarga, algod\u00f3n compacto de 2 capas de fibras largas. Tratamiento medioambiental patentado sin plancha.  Costuras principales selladas. Manga larga. Pu\u00f1o de \u00e1ngel sencillo, con ojal adicional para gemelos. Botones de 4 mm de grosor. | <strong>Peso:<\/strong> 124 g\/m\u00b2 | <strong>Tallas:<\/strong> XS-4XL<\/p>","protected":false},"excerpt":{"rendered":"<p>La camisa perfecta para cualquier ocasi\u00f3n. Con el caracter\u00edstico color \u00edndigo nuestro tejido de tela de sarga fina sin planchar nos recuerda una camisa tejana. Tiene un patr\u00f3n de contraste tono sobre tono en cuello y pu\u00f1os y detalles blancos en tapet<\/p>","protected":false},"featured_media":235807,"comment_status":"open","ping_status":"closed","template":"","meta":{"_acf_changed":false},"product_brand":[10563],"product_cat":[13995],"product_tag":[],"class_list":{"0":"post-228624","1":"product","2":"type-product","3":"status-publish","4":"has-post-thumbnail","6":"product_brand-j-harvest-frost","7":"product_cat-n-camisetas","8":"tm-no-options","10":"first","11":"instock","12":"taxable","13":"shipping-taxable","14":"product-type-variable"},"acf":[],"_links":{"self":[{"href":"https:\/\/grupotextil.es\/en\/wp-json\/wp\/v2\/product\/228624","targetHints":{"allow":["GET"]}}],"collection":[{"href":"https:\/\/grupotextil.es\/en\/wp-json\/wp\/v2\/product"}],"about":[{"href":"https:\/\/grupotextil.es\/en\/wp-json\/wp\/v2\/types\/product"}],"replies":[{"embeddable":true,"href":"https:\/\/grupotextil.es\/en\/wp-json\/wp\/v2\/comments?post=228624"}],"wp:featuredmedia":[{"embeddable":true,"href":"https:\/\/grupotextil.es\/en\/wp-json\/wp\/v2\/media\/235807"}],"wp:attachment":[{"href":"https:\/\/grupotextil.es\/en\/wp-json\/wp\/v2\/media?parent=228624"}],"wp:term":[{"taxonomy":"product_brand","embeddable":true,"href":"https:\/\/grupotextil.es\/en\/wp-json\/wp\/v2\/product_brand?post=228624"},{"taxonomy":"product_cat","embeddable":true,"href":"https:\/\/grupotextil.es\/en\/wp-json\/wp\/v2\/product_cat?post=228624"},{"taxonomy":"product_tag","embeddable":true,"href":"https:\/\/grupotextil.es\/en\/wp-json\/wp\/v2\/product_tag?post=228624"}],"curies":[{"name":"wp","href":"https:\/\/api.w.org\/{rel}","templated":true}]}}