{"id":228648,"date":"2026-03-04T06:47:32","date_gmt":"2026-03-04T05:47:32","guid":{"rendered":"https:\/\/grupotextil.es\/producto\/trucker-patch-cap\/"},"modified":"2026-04-19T04:06:51","modified_gmt":"2026-04-19T02:06:51","slug":"trucker-patch-cap","status":"publish","type":"product","link":"https:\/\/grupotextil.es\/en\/product\/trucker-patch-cap\/","title":{"rendered":"Trucker Patch Cap"},"content":{"rendered":"<p>Gorra de 5 paneles con parche de sarga de algod\u00f3n. Confeccionada en sarga de algod\u00f3n afelpado con parte trasera de malla de poli\u00e9ster. Cierre con broche. El parche y la malla son de color beige.<\/p>\n<p><strong>Composici\u00f3n:<\/strong> Panel y parche de sarga 100% algod\u00f3n, red 100% poli\u00e9ster. | <strong>Tallas:<\/strong> UD<\/p>","protected":false},"excerpt":{"rendered":"<p>Gorra de 5 paneles con parche de sarga de algod\u00f3n. Confeccionada en sarga de algod\u00f3n afelpado con parte trasera de malla de poli\u00e9ster. Cierre con broche. El parche y la malla son de color beige.<\/p>","protected":false},"featured_media":235822,"comment_status":"open","ping_status":"closed","template":"","meta":{"_acf_changed":false},"product_brand":[10446],"product_cat":[15139,15159],"product_tag":[],"class_list":{"0":"post-228648","1":"product","2":"type-product","3":"status-publish","4":"has-post-thumbnail","6":"product_brand-clique","7":"product_cat-gorros","8":"product_cat-hombre-accessories-unisex-mujer","9":"tm-no-options","11":"first","12":"instock","13":"taxable","14":"shipping-taxable","15":"product-type-variable"},"acf":[],"_links":{"self":[{"href":"https:\/\/grupotextil.es\/en\/wp-json\/wp\/v2\/product\/228648","targetHints":{"allow":["GET"]}}],"collection":[{"href":"https:\/\/grupotextil.es\/en\/wp-json\/wp\/v2\/product"}],"about":[{"href":"https:\/\/grupotextil.es\/en\/wp-json\/wp\/v2\/types\/product"}],"replies":[{"embeddable":true,"href":"https:\/\/grupotextil.es\/en\/wp-json\/wp\/v2\/comments?post=228648"}],"wp:featuredmedia":[{"embeddable":true,"href":"https:\/\/grupotextil.es\/en\/wp-json\/wp\/v2\/media\/235822"}],"wp:attachment":[{"href":"https:\/\/grupotextil.es\/en\/wp-json\/wp\/v2\/media?parent=228648"}],"wp:term":[{"taxonomy":"product_brand","embeddable":true,"href":"https:\/\/grupotextil.es\/en\/wp-json\/wp\/v2\/product_brand?post=228648"},{"taxonomy":"product_cat","embeddable":true,"href":"https:\/\/grupotextil.es\/en\/wp-json\/wp\/v2\/product_cat?post=228648"},{"taxonomy":"product_tag","embeddable":true,"href":"https:\/\/grupotextil.es\/en\/wp-json\/wp\/v2\/product_tag?post=228648"}],"curies":[{"name":"wp","href":"https:\/\/api.w.org\/{rel}","templated":true}]}}