{"id":228751,"date":"2026-03-04T06:48:49","date_gmt":"2026-03-04T05:48:49","guid":{"rendered":"https:\/\/grupotextil.es\/producto\/active-high-sock-3-pack\/"},"modified":"2026-04-19T04:06:52","modified_gmt":"2026-04-19T02:06:52","slug":"active-high-sock-3-pack","status":"publish","type":"product","link":"https:\/\/grupotextil.es\/en\/product\/active-high-sock-3-pack\/","title":{"rendered":"Active High Sock 3-Pack"},"content":{"rendered":"<p>Los Active High son unos calcetines de entrenamiento funcional que ofrecen una gran eliminaci\u00f3n de la humedad, ventilaci\u00f3n y soporte del arco. Puntera y tal\u00f3n reforzados.<\/p>\n<p>\u2022 Soporte de arco<\/p>\n<p>\u2022 Costura plana en la puntera<\/p>\n<p>\u2022 Puntera y tal\u00f3n reforzados<\/p>\n<p>\u2022 Pack de 3<\/p>\n<p><strong>Composici\u00f3n:<\/strong> 51% Polyamide-Recycled, 44% Polyamide, 5% Elastane | <strong>Tallas:<\/strong> 34\/36-46\/48<\/p>","protected":false},"excerpt":{"rendered":"<p>Los Active High son unos calcetines de entrenamiento funcional que ofrecen una gran eliminaci\u00f3n de la humedad, ventilaci\u00f3n y soporte del arco. Puntera y tal\u00f3n reforzados.<\/p>","protected":false},"featured_media":235875,"comment_status":"open","ping_status":"closed","template":"","meta":{"_acf_changed":false},"product_brand":[10489],"product_cat":[13983],"product_tag":[],"class_list":{"0":"post-228751","1":"product","2":"type-product","3":"status-publish","4":"has-post-thumbnail","6":"product_brand-craft","7":"product_cat-h-pantalones","8":"tm-no-options","10":"first","11":"instock","12":"taxable","13":"shipping-taxable","14":"product-type-variable"},"acf":[],"_links":{"self":[{"href":"https:\/\/grupotextil.es\/en\/wp-json\/wp\/v2\/product\/228751","targetHints":{"allow":["GET"]}}],"collection":[{"href":"https:\/\/grupotextil.es\/en\/wp-json\/wp\/v2\/product"}],"about":[{"href":"https:\/\/grupotextil.es\/en\/wp-json\/wp\/v2\/types\/product"}],"replies":[{"embeddable":true,"href":"https:\/\/grupotextil.es\/en\/wp-json\/wp\/v2\/comments?post=228751"}],"wp:featuredmedia":[{"embeddable":true,"href":"https:\/\/grupotextil.es\/en\/wp-json\/wp\/v2\/media\/235875"}],"wp:attachment":[{"href":"https:\/\/grupotextil.es\/en\/wp-json\/wp\/v2\/media?parent=228751"}],"wp:term":[{"taxonomy":"product_brand","embeddable":true,"href":"https:\/\/grupotextil.es\/en\/wp-json\/wp\/v2\/product_brand?post=228751"},{"taxonomy":"product_cat","embeddable":true,"href":"https:\/\/grupotextil.es\/en\/wp-json\/wp\/v2\/product_cat?post=228751"},{"taxonomy":"product_tag","embeddable":true,"href":"https:\/\/grupotextil.es\/en\/wp-json\/wp\/v2\/product_tag?post=228751"}],"curies":[{"name":"wp","href":"https:\/\/api.w.org\/{rel}","templated":true}]}}