{"id":228756,"date":"2026-03-04T06:48:51","date_gmt":"2026-03-04T05:48:51","guid":{"rendered":"https:\/\/grupotextil.es\/producto\/lodgetown\/"},"modified":"2026-04-19T04:06:52","modified_gmt":"2026-04-19T02:06:52","slug":"lodgetown","status":"publish","type":"product","link":"https:\/\/grupotextil.es\/en\/product\/lodgetown\/","title":{"rendered":"Lodgetown"},"content":{"rendered":"<p>Chaqueta Softshell repelente a agua y viento. Cremallera waterproof frontal y en bolsillos laterales. Bolsillos interiores con cremallera en la parte izquierda. Capucha extra\u00edble. Pu\u00f1os ajustables con Velcro. Capucha ajustable con cord\u00f3n el\u00e1stico. Cremallera interior oculta para bordado. WP 3000 \/ MVP 3000: testeado seg\u00fan las normas ISO 811:2018 y ASTM E96\/96M.<\/p>\n<p><strong>Composici\u00f3n:<\/strong> Exterior: 100% poli\u00e9ster, 285 g\/m\u00b2, unido con 100% poli\u00e9ster birdseye, WP 3000, MVP 3000. Relleno: 100% poli\u00e9ster (mangas) + 100% poli\u00e9ster malla (cuerpo) | <strong>Tallas:<\/strong> S-4XL<\/p>","protected":false},"excerpt":{"rendered":"<p>Chaqueta Softshell repelente a agua y viento. Cremallera waterproof frontal y en bolsillos laterales. Bolsillos interiores con cremallera en la parte izquierda. Capucha extra\u00edble. Pu\u00f1os ajustables con Velcro. Capucha ajustable con cord\u00f3n el\u00e1stico. Cr<\/p>","protected":false},"featured_media":235878,"comment_status":"open","ping_status":"closed","template":"","meta":{"_acf_changed":false},"product_brand":[10521],"product_cat":[15147],"product_tag":[],"class_list":{"0":"post-228756","1":"product","2":"type-product","3":"status-publish","4":"has-post-thumbnail","6":"product_brand-james-harvest","7":"product_cat-new-wave","8":"tm-no-options","10":"first","11":"instock","12":"taxable","13":"shipping-taxable","14":"product-type-variable"},"acf":[],"_links":{"self":[{"href":"https:\/\/grupotextil.es\/en\/wp-json\/wp\/v2\/product\/228756","targetHints":{"allow":["GET"]}}],"collection":[{"href":"https:\/\/grupotextil.es\/en\/wp-json\/wp\/v2\/product"}],"about":[{"href":"https:\/\/grupotextil.es\/en\/wp-json\/wp\/v2\/types\/product"}],"replies":[{"embeddable":true,"href":"https:\/\/grupotextil.es\/en\/wp-json\/wp\/v2\/comments?post=228756"}],"wp:featuredmedia":[{"embeddable":true,"href":"https:\/\/grupotextil.es\/en\/wp-json\/wp\/v2\/media\/235878"}],"wp:attachment":[{"href":"https:\/\/grupotextil.es\/en\/wp-json\/wp\/v2\/media?parent=228756"}],"wp:term":[{"taxonomy":"product_brand","embeddable":true,"href":"https:\/\/grupotextil.es\/en\/wp-json\/wp\/v2\/product_brand?post=228756"},{"taxonomy":"product_cat","embeddable":true,"href":"https:\/\/grupotextil.es\/en\/wp-json\/wp\/v2\/product_cat?post=228756"},{"taxonomy":"product_tag","embeddable":true,"href":"https:\/\/grupotextil.es\/en\/wp-json\/wp\/v2\/product_tag?post=228756"}],"curies":[{"name":"wp","href":"https:\/\/api.w.org\/{rel}","templated":true}]}}