{"id":228815,"date":"2026-03-04T06:49:37","date_gmt":"2026-03-04T05:49:37","guid":{"rendered":"https:\/\/grupotextil.es\/producto\/core-nordic-ski-club-wind-tights-w\/"},"modified":"2026-05-10T04:06:08","modified_gmt":"2026-05-10T02:06:08","slug":"core-nordic-ski-club-wind-tights-w","status":"publish","type":"product","link":"https:\/\/grupotextil.es\/en\/product\/core-nordic-ski-club-wind-tights-w\/","title":{"rendered":"CORE Nordic Ski Club Wind Tights W"},"content":{"rendered":"<p>Mallas de esqu\u00ed n\u00f3rdico hechas de tejido reciclado y el\u00e1stico 2L resistente al viento y al agua en la parte delantera.<\/p>\n<p>\u2022 Frente de protecci\u00f3n contra la intemperie en tela de viento Ventair de 2L reciclada, 8k\/10k<\/p>\n<p>\u2022 Cuerpo de tejido reciclado<\/p>\n<p>\u2022 Cremallera en los extremos de la parte inferior de la pierna<\/p>\n<p>\u2022 Cintura el\u00e1stica ajustable<\/p>\n<p>\u2022 Detalles grabados<\/p>\n<p><strong>Composici\u00f3n:<\/strong> Cuerpo: 88 % poli\u00e9ster reciclado, 12 % elastano Parte superior delantera del cuerpo: Cara 100 % poli\u00e9ster reciclado Espalda 100 % poliuretano | <strong>Tallas:<\/strong> XS-XXL<\/p>","protected":false},"excerpt":{"rendered":"<p>Mallas de esqu\u00ed n\u00f3rdico hechas de tejido reciclado y el\u00e1stico 2L resistente al viento y al agua en la parte delantera.<\/p>","protected":false},"featured_media":235904,"comment_status":"open","ping_status":"closed","template":"","meta":{"_acf_changed":false},"product_brand":[10489],"product_cat":[15147],"product_tag":[],"class_list":{"0":"post-228815","1":"product","2":"type-product","3":"status-publish","4":"has-post-thumbnail","6":"product_brand-craft","7":"product_cat-new-wave","8":"tm-no-options","10":"first","11":"instock","12":"taxable","13":"shipping-taxable","14":"product-type-variable"},"acf":[],"_links":{"self":[{"href":"https:\/\/grupotextil.es\/en\/wp-json\/wp\/v2\/product\/228815","targetHints":{"allow":["GET"]}}],"collection":[{"href":"https:\/\/grupotextil.es\/en\/wp-json\/wp\/v2\/product"}],"about":[{"href":"https:\/\/grupotextil.es\/en\/wp-json\/wp\/v2\/types\/product"}],"replies":[{"embeddable":true,"href":"https:\/\/grupotextil.es\/en\/wp-json\/wp\/v2\/comments?post=228815"}],"wp:featuredmedia":[{"embeddable":true,"href":"https:\/\/grupotextil.es\/en\/wp-json\/wp\/v2\/media\/235904"}],"wp:attachment":[{"href":"https:\/\/grupotextil.es\/en\/wp-json\/wp\/v2\/media?parent=228815"}],"wp:term":[{"taxonomy":"product_brand","embeddable":true,"href":"https:\/\/grupotextil.es\/en\/wp-json\/wp\/v2\/product_brand?post=228815"},{"taxonomy":"product_cat","embeddable":true,"href":"https:\/\/grupotextil.es\/en\/wp-json\/wp\/v2\/product_cat?post=228815"},{"taxonomy":"product_tag","embeddable":true,"href":"https:\/\/grupotextil.es\/en\/wp-json\/wp\/v2\/product_tag?post=228815"}],"curies":[{"name":"wp","href":"https:\/\/api.w.org\/{rel}","templated":true}]}}