{"id":228947,"date":"2026-03-04T06:51:15","date_gmt":"2026-03-04T05:51:15","guid":{"rendered":"https:\/\/grupotextil.es\/producto\/rb122-twill-regular\/"},"modified":"2026-04-26T04:05:45","modified_gmt":"2026-04-26T02:05:45","slug":"rb122-twill-regular","status":"publish","type":"product","link":"https:\/\/grupotextil.es\/en\/product\/rb122-twill-regular\/","title":{"rendered":"RB122 Twill Regular"},"content":{"rendered":"<p>Muchas de nuestras camisas han tenido tiempo de convertirse en aut\u00e9nticos cl\u00e1sicos. Red Bow 122 es una nueva expresi\u00f3n de nuestra cl\u00e1sica camisa de contraste \u00abRed Bow 20\u00bb. Modelo infalible con detalles modernos y el cuello abotonado oculto adicional que tanto gusta.<\/p>\n<p><strong>Composici\u00f3n:<\/strong> Color liso. Sarga fina. Lavable a m\u00e1quina. Tratamiento medioambiental patentado Non-Iron. 100% algod\u00f3n compacto de fibra larga. Canes\u00fa dividido en espalda para un contorno suave de los hombros y una mayor libertad de movimiento. Las costuras principales selladas ayudan a que la camisa luzca impecable lavado tras lavado. No se arruga. Cuello con botones ocultos. Manga larga. Ojal adicional para gemelos. Botones de 4 mm de grosor. | <strong>Peso:<\/strong> 124 g\/m\u00b2 | <strong>Tallas:<\/strong> S-4XL<\/p>","protected":false},"excerpt":{"rendered":"<p>Muchas de nuestras camisas han tenido tiempo de convertirse en aut\u00e9nticos cl\u00e1sicos. Red Bow 122 es una nueva expresi\u00f3n de nuestra cl\u00e1sica camisa de contraste \u00abRed Bow 20\u00bb. Modelo infalible con detalles modernos y el cuello abotonado oculto adicional<\/p>","protected":false},"featured_media":235970,"comment_status":"open","ping_status":"closed","template":"","meta":{"_acf_changed":false},"product_brand":[10563],"product_cat":[13995],"product_tag":[],"class_list":{"0":"post-228947","1":"product","2":"type-product","3":"status-publish","4":"has-post-thumbnail","6":"product_brand-j-harvest-frost","7":"product_cat-n-camisetas","8":"tm-no-options","10":"first","11":"instock","12":"taxable","13":"shipping-taxable","14":"product-type-variable"},"acf":[],"_links":{"self":[{"href":"https:\/\/grupotextil.es\/en\/wp-json\/wp\/v2\/product\/228947","targetHints":{"allow":["GET"]}}],"collection":[{"href":"https:\/\/grupotextil.es\/en\/wp-json\/wp\/v2\/product"}],"about":[{"href":"https:\/\/grupotextil.es\/en\/wp-json\/wp\/v2\/types\/product"}],"replies":[{"embeddable":true,"href":"https:\/\/grupotextil.es\/en\/wp-json\/wp\/v2\/comments?post=228947"}],"wp:featuredmedia":[{"embeddable":true,"href":"https:\/\/grupotextil.es\/en\/wp-json\/wp\/v2\/media\/235970"}],"wp:attachment":[{"href":"https:\/\/grupotextil.es\/en\/wp-json\/wp\/v2\/media?parent=228947"}],"wp:term":[{"taxonomy":"product_brand","embeddable":true,"href":"https:\/\/grupotextil.es\/en\/wp-json\/wp\/v2\/product_brand?post=228947"},{"taxonomy":"product_cat","embeddable":true,"href":"https:\/\/grupotextil.es\/en\/wp-json\/wp\/v2\/product_cat?post=228947"},{"taxonomy":"product_tag","embeddable":true,"href":"https:\/\/grupotextil.es\/en\/wp-json\/wp\/v2\/product_tag?post=228947"}],"curies":[{"name":"wp","href":"https:\/\/api.w.org\/{rel}","templated":true}]}}