{"id":228960,"date":"2026-03-04T06:51:24","date_gmt":"2026-03-04T05:51:24","guid":{"rendered":"https:\/\/grupotextil.es\/producto\/classic-t\/"},"modified":"2026-04-26T04:05:45","modified_gmt":"2026-04-26T02:05:45","slug":"classic-t","status":"publish","type":"product","link":"https:\/\/grupotextil.es\/en\/product\/classic-t\/","title":{"rendered":"Classic-T"},"content":{"rendered":"<p>Camiseta de la mejor calidad en algod\u00f3n peinado pre-encogido. Doble canal\u00e9 1&#215;1 con Spandex. Doble costura en cuello y pu\u00f1os. Estructura tubular para un ajuste m\u00e1s c\u00f3modo.<\/p>\n<p><strong>Composici\u00f3n:<\/strong> 100% Algod\u00f3n peinado, pre encogido (Gris marengo [95]: 85% algod\u00f3n,15% viscosa). | <strong>Peso:<\/strong> 155-160 g\/m2 | <strong>Tallas:<\/strong> XS-6XL<\/p>","protected":false},"excerpt":{"rendered":"<p>Camiseta de la mejor calidad en algod\u00f3n peinado pre-encogido. Doble canal\u00e9 1&#215;1 con Spandex. Doble costura en cuello y pu\u00f1os. Estructura tubular para un ajuste m\u00e1s c\u00f3modo.<\/p>","protected":false},"featured_media":235976,"comment_status":"open","ping_status":"closed","template":"","meta":{"_acf_changed":false},"product_brand":[10446],"product_cat":[13995,15137],"product_tag":[],"class_list":{"0":"post-228960","1":"product","2":"type-product","3":"status-publish","4":"has-post-thumbnail","6":"product_brand-clique","7":"product_cat-n-camisetas","8":"product_cat-hombre-unisex-mujer","9":"tm-no-options","11":"first","12":"instock","13":"taxable","14":"shipping-taxable","15":"product-type-variable"},"acf":[],"_links":{"self":[{"href":"https:\/\/grupotextil.es\/en\/wp-json\/wp\/v2\/product\/228960","targetHints":{"allow":["GET"]}}],"collection":[{"href":"https:\/\/grupotextil.es\/en\/wp-json\/wp\/v2\/product"}],"about":[{"href":"https:\/\/grupotextil.es\/en\/wp-json\/wp\/v2\/types\/product"}],"replies":[{"embeddable":true,"href":"https:\/\/grupotextil.es\/en\/wp-json\/wp\/v2\/comments?post=228960"}],"wp:featuredmedia":[{"embeddable":true,"href":"https:\/\/grupotextil.es\/en\/wp-json\/wp\/v2\/media\/235976"}],"wp:attachment":[{"href":"https:\/\/grupotextil.es\/en\/wp-json\/wp\/v2\/media?parent=228960"}],"wp:term":[{"taxonomy":"product_brand","embeddable":true,"href":"https:\/\/grupotextil.es\/en\/wp-json\/wp\/v2\/product_brand?post=228960"},{"taxonomy":"product_cat","embeddable":true,"href":"https:\/\/grupotextil.es\/en\/wp-json\/wp\/v2\/product_cat?post=228960"},{"taxonomy":"product_tag","embeddable":true,"href":"https:\/\/grupotextil.es\/en\/wp-json\/wp\/v2\/product_tag?post=228960"}],"curies":[{"name":"wp","href":"https:\/\/api.w.org\/{rel}","templated":true}]}}