{"id":229059,"date":"2026-03-04T06:52:39","date_gmt":"2026-03-04T05:52:39","guid":{"rendered":"https:\/\/grupotextil.es\/producto\/adv-explore-down-jacket-w\/"},"modified":"2026-04-26T04:05:45","modified_gmt":"2026-04-26T02:05:45","slug":"adv-explore-down-jacket-w","status":"publish","type":"product","link":"https:\/\/grupotextil.es\/en\/product\/adv-explore-down-jacket-w\/","title":{"rendered":"ADV Explore Down Jacket W"},"content":{"rendered":"<p>ADV Explore Down Jacket es una c\u00e1lida chaqueta plum\u00f3n dise\u00f1ada para actividades al aire libre en condiciones de frio intenso. Confeccionada con tejido reciclado cuenta con un gran cuello alto, cremallera frontal bidireccional repelente al agua. dos bolsillos laterales con cremalleras repelantes al agua, bolsillo interior con cremallera, cord\u00f3n ajustable en el dobladillo y capucha. Pu\u00f1os en mangas que impiden la entrada de viento fr\u00edo. Esta es nuestra chaqueta m\u00e1s c\u00e1lida y una elecci\u00f3n perfecta cuando quieres mantenerte abrigado en monta\u00f1a.<\/p>\n<p>\u2022 Plum\u00f3n con tejido exterior impermeable<\/p>\n<p>\u2022 Relleno 600 cuin<\/p>\n<p>\u2022 Peso del plum\u00f3n 350 gramos<\/p>\n<p>\u2022 Cuello alto<\/p>\n<p>\u2022 Cremallera frontal bidireccional repelente al agua<\/p>\n<p>\u2022 Cord\u00f3n ajustable en dobladillo y capucha<\/p>\n<p>\u2022 Dos bolsillos laterales con cremallera repelente al agua<\/p>\n<p>\u2022 Bolsillo interior con cremallera<\/p>\n<p>\u2022 Dos bolsillos interiores abiertos con el\u00e1stico<\/p>\n<p>\u2022 Pu\u00f1os en las mangas que impiden la entrada del viento fr\u00edo<\/p>\n<p><strong>Composici\u00f3n:<\/strong> 100% poliamida reciclada. Forro: 45% poli\u00e9ster reciclado 55% poli\u00e9ster. Acolchado: 80% Plum\u00f3n 20% Pluma | <strong>Tallas:<\/strong> XS-XXL<\/p>","protected":false},"excerpt":{"rendered":"<p>ADV Explore Down Jacket es una c\u00e1lida chaqueta plum\u00f3n dise\u00f1ada para actividades al aire libre en condiciones de frio intenso. Confeccionada con tejido reciclado cuenta con un gran cuello alto, cremallera frontal bidireccional repelente al agua. dos b<\/p>","protected":false},"featured_media":236022,"comment_status":"open","ping_status":"closed","template":"","meta":{"_acf_changed":false},"product_brand":[10489],"product_cat":[13998],"product_tag":[],"class_list":{"0":"post-229059","1":"product","2":"type-product","3":"status-publish","4":"has-post-thumbnail","6":"product_brand-craft","7":"product_cat-n-chaquetas","8":"tm-no-options","10":"first","11":"instock","12":"taxable","13":"shipping-taxable","14":"product-type-variable"},"acf":[],"_links":{"self":[{"href":"https:\/\/grupotextil.es\/en\/wp-json\/wp\/v2\/product\/229059","targetHints":{"allow":["GET"]}}],"collection":[{"href":"https:\/\/grupotextil.es\/en\/wp-json\/wp\/v2\/product"}],"about":[{"href":"https:\/\/grupotextil.es\/en\/wp-json\/wp\/v2\/types\/product"}],"replies":[{"embeddable":true,"href":"https:\/\/grupotextil.es\/en\/wp-json\/wp\/v2\/comments?post=229059"}],"wp:featuredmedia":[{"embeddable":true,"href":"https:\/\/grupotextil.es\/en\/wp-json\/wp\/v2\/media\/236022"}],"wp:attachment":[{"href":"https:\/\/grupotextil.es\/en\/wp-json\/wp\/v2\/media?parent=229059"}],"wp:term":[{"taxonomy":"product_brand","embeddable":true,"href":"https:\/\/grupotextil.es\/en\/wp-json\/wp\/v2\/product_brand?post=229059"},{"taxonomy":"product_cat","embeddable":true,"href":"https:\/\/grupotextil.es\/en\/wp-json\/wp\/v2\/product_cat?post=229059"},{"taxonomy":"product_tag","embeddable":true,"href":"https:\/\/grupotextil.es\/en\/wp-json\/wp\/v2\/product_tag?post=229059"}],"curies":[{"name":"wp","href":"https:\/\/api.w.org\/{rel}","templated":true}]}}