{"id":229100,"date":"2026-03-04T06:53:09","date_gmt":"2026-03-04T05:53:09","guid":{"rendered":"https:\/\/grupotextil.es\/producto\/6532-pantalon-hv-clase-2\/"},"modified":"2026-04-19T04:06:53","modified_gmt":"2026-04-19T02:06:53","slug":"6532-pantalon-hv-clase-2","status":"publish","type":"product","link":"https:\/\/grupotextil.es\/en\/product\/6532-pantalon-hv-clase-2\/","title":{"rendered":"6532 PANTAL\u00d3N HV CLASE 2"},"content":{"rendered":"<p>Pantal\u00f3n con amplios bolsillos laterales. Bolsillos en las piernas, en el lado izquierdo dos bolsillos con solapa y cierre de velcro, tambi\u00e9n con gancho para sujetar la tarjeta de identificaci\u00f3n. En el lado derecho bolsillo para cinta m\u00e9trica y bolsillo con bot\u00f3n para herramientas. Dos trabillas para martillo, una a cada lado. Bolsillos traseros con solapa y cierre de velcro. Refuerzo en el interior del bolsillo para cinta m\u00e9trica y sobre las rodillas para mayor durabilidad. Rodillas precurvadas. Bolsillos internos para protectores de rodillas, ajustables a dos niveles de altura. La talla C42-C64 se puede alargar 5 cm.<\/p>\n<p><strong>Composici\u00f3n:<\/strong> 80% Poli\u00e9ster, 20% algod\u00f3n, 245 g\/m2  Refuerzos: 100% poliamida | <strong>Peso:<\/strong> 245 g\/m\u00b2 | <strong>Tallas:<\/strong> C42-C62<\/p>","protected":false},"excerpt":{"rendered":"<p>Pantal\u00f3n con amplios bolsillos laterales. Bolsillos en las piernas, en el lado izquierdo dos bolsillos con solapa y cierre de velcro, tambi\u00e9n con gancho para sujetar la tarjeta de identificaci\u00f3n. En el lado derecho bolsillo para cinta m\u00e9trica y bolsi<\/p>","protected":false},"featured_media":236043,"comment_status":"open","ping_status":"closed","template":"","meta":{"_acf_changed":false},"product_brand":[10531],"product_cat":[13983],"product_tag":[],"class_list":{"0":"post-229100","1":"product","2":"type-product","3":"status-publish","4":"has-post-thumbnail","6":"product_brand-projob","7":"product_cat-h-pantalones","8":"tm-no-options","10":"first","11":"instock","12":"taxable","13":"shipping-taxable","14":"product-type-variable"},"acf":[],"_links":{"self":[{"href":"https:\/\/grupotextil.es\/en\/wp-json\/wp\/v2\/product\/229100","targetHints":{"allow":["GET"]}}],"collection":[{"href":"https:\/\/grupotextil.es\/en\/wp-json\/wp\/v2\/product"}],"about":[{"href":"https:\/\/grupotextil.es\/en\/wp-json\/wp\/v2\/types\/product"}],"replies":[{"embeddable":true,"href":"https:\/\/grupotextil.es\/en\/wp-json\/wp\/v2\/comments?post=229100"}],"wp:featuredmedia":[{"embeddable":true,"href":"https:\/\/grupotextil.es\/en\/wp-json\/wp\/v2\/media\/236043"}],"wp:attachment":[{"href":"https:\/\/grupotextil.es\/en\/wp-json\/wp\/v2\/media?parent=229100"}],"wp:term":[{"taxonomy":"product_brand","embeddable":true,"href":"https:\/\/grupotextil.es\/en\/wp-json\/wp\/v2\/product_brand?post=229100"},{"taxonomy":"product_cat","embeddable":true,"href":"https:\/\/grupotextil.es\/en\/wp-json\/wp\/v2\/product_cat?post=229100"},{"taxonomy":"product_tag","embeddable":true,"href":"https:\/\/grupotextil.es\/en\/wp-json\/wp\/v2\/product_tag?post=229100"}],"curies":[{"name":"wp","href":"https:\/\/api.w.org\/{rel}","templated":true}]}}