{"id":229132,"date":"2026-03-04T06:53:34","date_gmt":"2026-03-04T05:53:34","guid":{"rendered":"https:\/\/grupotextil.es\/producto\/media-belt\/"},"modified":"2026-04-26T04:05:45","modified_gmt":"2026-04-26T02:05:45","slug":"media-belt","status":"publish","type":"product","link":"https:\/\/grupotextil.es\/en\/product\/media-belt\/","title":{"rendered":"Media Belt"},"content":{"rendered":"<p>Cintur\u00f3n resistente al agua con funda flexible que se adapta a todo tipo de tel\u00e9fonos m\u00f3viles. Viene con bolsillo con cremallera y detalles reflectantes. Ajustable.<\/p>\n<p><strong>Composici\u00f3n:<\/strong> 100% Poliamida | <strong>Tallas:<\/strong> UNICA<\/p>","protected":false},"excerpt":{"rendered":"<p>Cintur\u00f3n resistente al agua con funda flexible que se adapta a todo tipo de tel\u00e9fonos m\u00f3viles. Viene con bolsillo con cremallera y detalles reflectantes. Ajustable.<\/p>","protected":false},"featured_media":236055,"comment_status":"open","ping_status":"closed","template":"","meta":{"_acf_changed":false},"product_brand":[10489],"product_cat":[13948],"product_tag":[],"class_list":{"0":"post-229132","1":"product","2":"type-product","3":"status-publish","4":"has-post-thumbnail","6":"product_brand-craft","7":"product_cat-accesorios","8":"tm-no-options","10":"first","11":"instock","12":"taxable","13":"shipping-taxable","14":"product-type-variable"},"acf":[],"_links":{"self":[{"href":"https:\/\/grupotextil.es\/en\/wp-json\/wp\/v2\/product\/229132","targetHints":{"allow":["GET"]}}],"collection":[{"href":"https:\/\/grupotextil.es\/en\/wp-json\/wp\/v2\/product"}],"about":[{"href":"https:\/\/grupotextil.es\/en\/wp-json\/wp\/v2\/types\/product"}],"replies":[{"embeddable":true,"href":"https:\/\/grupotextil.es\/en\/wp-json\/wp\/v2\/comments?post=229132"}],"wp:featuredmedia":[{"embeddable":true,"href":"https:\/\/grupotextil.es\/en\/wp-json\/wp\/v2\/media\/236055"}],"wp:attachment":[{"href":"https:\/\/grupotextil.es\/en\/wp-json\/wp\/v2\/media?parent=229132"}],"wp:term":[{"taxonomy":"product_brand","embeddable":true,"href":"https:\/\/grupotextil.es\/en\/wp-json\/wp\/v2\/product_brand?post=229132"},{"taxonomy":"product_cat","embeddable":true,"href":"https:\/\/grupotextil.es\/en\/wp-json\/wp\/v2\/product_cat?post=229132"},{"taxonomy":"product_tag","embeddable":true,"href":"https:\/\/grupotextil.es\/en\/wp-json\/wp\/v2\/product_tag?post=229132"}],"curies":[{"name":"wp","href":"https:\/\/api.w.org\/{rel}","templated":true}]}}