{"id":229143,"date":"2026-03-04T06:53:42","date_gmt":"2026-03-04T05:53:42","guid":{"rendered":"https:\/\/grupotextil.es\/producto\/core-nordic-ski-club-shorts-m\/"},"modified":"2026-05-10T04:06:09","modified_gmt":"2026-05-10T02:06:09","slug":"core-nordic-ski-club-shorts-m","status":"publish","type":"product","link":"https:\/\/grupotextil.es\/en\/product\/core-nordic-ski-club-shorts-m\/","title":{"rendered":"CORE Nordic Ski Club Shorts M"},"content":{"rendered":"<p>Pantalones cortos de esqu\u00ed n\u00f3rdico c\u00e1lidos y vers\u00e1tiles con la parte delantera acolchada, dise\u00f1ados para el esqu\u00ed de fondo en condiciones de fr\u00edo. Cord\u00f3n ajustable en la cintura que garantiza un ajuste perfecto.<\/p>\n<p>\u2022 Parte frontal acolchada para mayor calidez y comodidad<\/p>\n<p>\u2022 Relleno de 60 g\/m2<\/p>\n<p>\u2022 Bolsillo de parche en la pierna con cremallera oculta<\/p>\n<p>\u2022 Cord\u00f3n ajustable en la cintura<\/p>\n<p><strong>Composici\u00f3n:<\/strong> Cuerpo y forro: 45% Poli\u00e9ster reciclado, 55% poli\u00e9ster. Relleno: 100% poli\u00e9ster | <strong>Tallas:<\/strong> XS-3XL<\/p>","protected":false},"excerpt":{"rendered":"<p>Pantalones cortos de esqu\u00ed n\u00f3rdico c\u00e1lidos y vers\u00e1tiles con la parte delantera acolchada, dise\u00f1ados para el esqu\u00ed de fondo en condiciones de fr\u00edo. Cord\u00f3n ajustable en la cintura que garantiza un ajuste perfecto.<\/p>","protected":false},"featured_media":236061,"comment_status":"open","ping_status":"closed","template":"","meta":{"_acf_changed":false},"product_brand":[10489],"product_cat":[13983],"product_tag":[],"class_list":{"0":"post-229143","1":"product","2":"type-product","3":"status-publish","4":"has-post-thumbnail","6":"product_brand-craft","7":"product_cat-h-pantalones","8":"tm-no-options","10":"first","11":"instock","12":"taxable","13":"shipping-taxable","14":"product-type-variable"},"acf":[],"_links":{"self":[{"href":"https:\/\/grupotextil.es\/en\/wp-json\/wp\/v2\/product\/229143","targetHints":{"allow":["GET"]}}],"collection":[{"href":"https:\/\/grupotextil.es\/en\/wp-json\/wp\/v2\/product"}],"about":[{"href":"https:\/\/grupotextil.es\/en\/wp-json\/wp\/v2\/types\/product"}],"replies":[{"embeddable":true,"href":"https:\/\/grupotextil.es\/en\/wp-json\/wp\/v2\/comments?post=229143"}],"wp:featuredmedia":[{"embeddable":true,"href":"https:\/\/grupotextil.es\/en\/wp-json\/wp\/v2\/media\/236061"}],"wp:attachment":[{"href":"https:\/\/grupotextil.es\/en\/wp-json\/wp\/v2\/media?parent=229143"}],"wp:term":[{"taxonomy":"product_brand","embeddable":true,"href":"https:\/\/grupotextil.es\/en\/wp-json\/wp\/v2\/product_brand?post=229143"},{"taxonomy":"product_cat","embeddable":true,"href":"https:\/\/grupotextil.es\/en\/wp-json\/wp\/v2\/product_cat?post=229143"},{"taxonomy":"product_tag","embeddable":true,"href":"https:\/\/grupotextil.es\/en\/wp-json\/wp\/v2\/product_tag?post=229143"}],"curies":[{"name":"wp","href":"https:\/\/api.w.org\/{rel}","templated":true}]}}