{"id":229147,"date":"2026-03-04T06:53:45","date_gmt":"2026-03-04T05:53:45","guid":{"rendered":"https:\/\/grupotextil.es\/producto\/join-pile-fleece-hz-w\/"},"modified":"2026-04-26T04:05:46","modified_gmt":"2026-04-26T02:05:46","slug":"join-pile-fleece-hz-w","status":"publish","type":"product","link":"https:\/\/grupotextil.es\/en\/product\/join-pile-fleece-hz-w\/","title":{"rendered":"Join Pile Fleece HZ W"},"content":{"rendered":"<p>Join Pile Fleece HZ es una camiseta polar de media cremallera suave y desenfadada dise\u00f1ado tanto para aventuras al aire libre como para el d\u00eda a d\u00eda.<\/p>\n<p>Esta prenda vers\u00e1til, confeccionada con un tejido polar de pelo con un interior suave y un corte holgado, es perfecta para llevar a capas, ya sea como capa intermedia o como capa exterior. Presenta un dise\u00f1o limpio con dos bolsillos laterales y orificios para los pulgares.<\/p>\n<p>\u2022 Tejido polar 100\u00a0% poli\u00e9ster reciclado<\/p>\n<p>\u2022 Interior liso<\/p>\n<p>\u2022 Dos bolsillos laterales<\/p>\n<p>\u2022 Agujeros para el pulgar en los extremos de las mangas<\/p>\n<p>\u2022 Ajuste relajado<\/p>\n<p><strong>Composici\u00f3n:<\/strong> 100% Poli\u00e9ster reciclado | <strong>Tallas:<\/strong> XS-XXL<\/p>","protected":false},"excerpt":{"rendered":"<p>Join Pile Fleece HZ es una camiseta polar de media cremallera suave y desenfadada dise\u00f1ado tanto para aventuras al aire libre como para el d\u00eda a d\u00eda.<\/p>","protected":false},"featured_media":236063,"comment_status":"open","ping_status":"closed","template":"","meta":{"_acf_changed":false},"product_brand":[10489],"product_cat":[13986,13977,13981,13990,13974,13932,13930,13975,13935,13973],"product_tag":[],"class_list":{"0":"post-229147","1":"product","2":"type-product","3":"status-publish","4":"has-post-thumbnail","6":"product_brand-craft","7":"product_cat-m-camisetas-manga-corta","8":"product_cat-h-camisetas-manga-corta","9":"product_cat-h-chaquetas-y-abrigos","10":"product_cat-m-chaquetas-y-abrigos","11":"product_cat-ropa-hombre","12":"product_cat-hosteleria-horeca","13":"product_cat-laboral","14":"product_cat-ropa-mujer","15":"product_cat-pantalones-cocina","16":"product_cat-ropa","17":"tm-no-options","19":"first","20":"instock","21":"taxable","22":"shipping-taxable","23":"product-type-variable"},"acf":[],"_links":{"self":[{"href":"https:\/\/grupotextil.es\/en\/wp-json\/wp\/v2\/product\/229147","targetHints":{"allow":["GET"]}}],"collection":[{"href":"https:\/\/grupotextil.es\/en\/wp-json\/wp\/v2\/product"}],"about":[{"href":"https:\/\/grupotextil.es\/en\/wp-json\/wp\/v2\/types\/product"}],"replies":[{"embeddable":true,"href":"https:\/\/grupotextil.es\/en\/wp-json\/wp\/v2\/comments?post=229147"}],"wp:featuredmedia":[{"embeddable":true,"href":"https:\/\/grupotextil.es\/en\/wp-json\/wp\/v2\/media\/236063"}],"wp:attachment":[{"href":"https:\/\/grupotextil.es\/en\/wp-json\/wp\/v2\/media?parent=229147"}],"wp:term":[{"taxonomy":"product_brand","embeddable":true,"href":"https:\/\/grupotextil.es\/en\/wp-json\/wp\/v2\/product_brand?post=229147"},{"taxonomy":"product_cat","embeddable":true,"href":"https:\/\/grupotextil.es\/en\/wp-json\/wp\/v2\/product_cat?post=229147"},{"taxonomy":"product_tag","embeddable":true,"href":"https:\/\/grupotextil.es\/en\/wp-json\/wp\/v2\/product_tag?post=229147"}],"curies":[{"name":"wp","href":"https:\/\/api.w.org\/{rel}","templated":true}]}}