{"id":229164,"date":"2026-03-04T06:53:56","date_gmt":"2026-03-04T05:53:56","guid":{"rendered":"https:\/\/grupotextil.es\/producto\/6570-pantalon-elastico-clase-2\/"},"modified":"2026-04-26T04:05:46","modified_gmt":"2026-04-26T02:05:46","slug":"6570-pantalon-elastico-clase-2","status":"publish","type":"product","link":"https:\/\/grupotextil.es\/en\/product\/6570-pantalon-elastico-clase-2\/","title":{"rendered":"6570 PANTAL\u00d3N EL\u00c1STICO CLASE 2"},"content":{"rendered":"<p>Pantal\u00f3n con gran flexibilidad. Tejido el\u00e1stico en la entrepierna para mayor comodidad y flexibilidad, tambi\u00e9n el\u00e1stico en la parte trasera de las rodillas. Bolsillos tipo funda que se pueden meter en los bolsillos laterales, en el bolsillo lateral izquierdo con un bolsillo extra y en el lateral derecho trabillas para herramientas y bolsillos abiertos. Bolsillos traseros con solapa y cierre de velcro. Bolsillo para cinta m\u00e9trica y bolsillo con bot\u00f3n para herramientas. Dos trabillas para martillo, una a cada lado. Rodillas precurvadas con bolsillos internos para protectores de rodillas, ajustables a dos niveles de altura. Refuerzos en los bolsillos para fundas, bolsillo para cinta m\u00e9trica y sobre las rodillas para una mayor durabilidad. La talla C42-C64 puede ampliarse 5 cm.<\/p>\n<p><strong>Composici\u00f3n:<\/strong> 80% poli\u00e9ster, 20% algod\u00f3n, 245 g\/m2  Refuerzos: 100% poliamida | <strong>Peso:<\/strong> 245 g\/m\u00b2 | <strong>Tallas:<\/strong> C42-D120<\/p>","protected":false},"excerpt":{"rendered":"<p>Pantal\u00f3n con gran flexibilidad. Tejido el\u00e1stico en la entrepierna para mayor comodidad y flexibilidad, tambi\u00e9n el\u00e1stico en la parte trasera de las rodillas. Bolsillos tipo funda que se pueden meter en los bolsillos laterales, en el bolsillo lateral i<\/p>","protected":false},"featured_media":236073,"comment_status":"open","ping_status":"closed","template":"","meta":{"_acf_changed":false},"product_brand":[10531],"product_cat":[13983],"product_tag":[],"class_list":{"0":"post-229164","1":"product","2":"type-product","3":"status-publish","4":"has-post-thumbnail","6":"product_brand-projob","7":"product_cat-h-pantalones","8":"tm-no-options","10":"first","11":"instock","12":"taxable","13":"shipping-taxable","14":"product-type-variable"},"acf":[],"_links":{"self":[{"href":"https:\/\/grupotextil.es\/en\/wp-json\/wp\/v2\/product\/229164","targetHints":{"allow":["GET"]}}],"collection":[{"href":"https:\/\/grupotextil.es\/en\/wp-json\/wp\/v2\/product"}],"about":[{"href":"https:\/\/grupotextil.es\/en\/wp-json\/wp\/v2\/types\/product"}],"replies":[{"embeddable":true,"href":"https:\/\/grupotextil.es\/en\/wp-json\/wp\/v2\/comments?post=229164"}],"wp:featuredmedia":[{"embeddable":true,"href":"https:\/\/grupotextil.es\/en\/wp-json\/wp\/v2\/media\/236073"}],"wp:attachment":[{"href":"https:\/\/grupotextil.es\/en\/wp-json\/wp\/v2\/media?parent=229164"}],"wp:term":[{"taxonomy":"product_brand","embeddable":true,"href":"https:\/\/grupotextil.es\/en\/wp-json\/wp\/v2\/product_brand?post=229164"},{"taxonomy":"product_cat","embeddable":true,"href":"https:\/\/grupotextil.es\/en\/wp-json\/wp\/v2\/product_cat?post=229164"},{"taxonomy":"product_tag","embeddable":true,"href":"https:\/\/grupotextil.es\/en\/wp-json\/wp\/v2\/product_tag?post=229164"}],"curies":[{"name":"wp","href":"https:\/\/api.w.org\/{rel}","templated":true}]}}